{"id":658,"date":"2020-04-25T08:47:50","date_gmt":"2020-04-25T08:47:50","guid":{"rendered":"http:\/\/localhost\/shiftler\/?page_id=658"},"modified":"2020-04-25T08:47:50","modified_gmt":"2020-04-25T08:47:50","slug":"services-2","status":"publish","type":"page","link":"https:\/\/gultekinnakliyat.com\/az\/services-2\/","title":{"rendered":"Services 2"},"content":{"rendered":"<div class=\"wpb-content-wrapper\">\n\n\n\n<div data-vc-full-width=\"true\" data-vc-full-width-init=\"false\" class=\"cmt-row wpb_row vc_row-fluid vc_custom_1599642947928 cmt-sboxresponsive-custom-75142649 cmt-zindex-0 cmt-bgimage-position-center_center\">\n\n\t\t\n\t <div class=\"vc_row container\"> \t\n\t\t\n\n<div class=\"wpb_column cmt-column vc_column_container vc_col-sm-12 cmt-zindex-0\">\n\t<div class=\"vc_column-inner\">\n\t\t\t\t<div class=\"wpb_wrapper\">\n\t\t\t<div class=\"cymolthemes-boxes cymolthemes-boxes-service cymolthemes-boxes-view-default cymolthemes-boxes-col-three cymolthemes-boxes-sortable-no cymolthemes-boxes-textalign-center cmt-sboxcta3-rev-heading\">\n\t\t<div class=\"cymolthemes-boxes-inner cymolthemes-boxes-service-inner\">\n\t\t\t\n\t\t\t<div class=\"row multi-columns-row cymolthemes-boxes-row-wrapper\">\n\t\t\t\t<div class=\"cmt-sboxbox-col-wrapper col-lg-4 col-sm-6 col-md-4 col-xs-12\"><article class=\"cymolthemes-box cymolthemes-box-service cymolthemes-servicebox-styletwo\">\n\t\t<div class=\"cymolthemes-post-item\">\n\t\t\t\t<div class=\"cymolthemes-box-bottom-content\">\t\n\t\t\t\t   <div class=\"cmt-service-iconbox\"><span class=\"cmt-service-icon\"><i class=\"cmt_shiftler flaticon-truck\"><\/i><\/span><\/div>\t\t\t\t\t<div class=\"cymolthemes-box-title\"><h4><a href=\"https:\/\/gultekinnakliyat.com\/az\/service\/karayolu-tasimaciligi\/\">Magistral N\u0259qliyyat<\/a><\/h4><\/div>\t\n\t\t\t\t\t<div class=\"cymolthemes-box-desc\">\n\t\t\t\t\t\t<div class=\"cmt-sboxshort-desc\">\n\t\t\t\t\t\t\t<p>G\u00fcltekin Logistics olaraq avtomobil da\u015f\u0131malar\u0131 sah\u0259sind\u0259 t\u0259klif etdiyimiz geni\u015f v\u0259 \u0259hat\u0259li xidm\u0259tl\u0259rl\u0259 m\u00fc\u015ft\u0259ril\u0259rimiz\u0259 s\u00fcr\u0259tli, etibarl\u0131 v\u0259 q\u0259na\u0259tcil h\u0259ll\u0259r t\u0259klif edirik.<\/p>\n\t\t\t\t\t\t<\/div>\n\t\t\t\t\t<\/div> \n\t\t\t\t\t<div class=\"cymolthemes-servicebox-readmore cmt-vc_btn3\">\n\t\t\t\t\t\t<a href=\"https:\/\/gultekinnakliyat.com\/az\/service\/karayolu-tasimaciligi\/\">\u018ftrafl\u0131 M\u0259lumat<\/a>\t\t\t\t\t<\/div>\t\n\t\t\t\t<\/div>\n\t\t<\/div>\n<\/article><\/div><div class=\"cmt-sboxbox-col-wrapper col-lg-4 col-sm-6 col-md-4 col-xs-12\"><article class=\"cymolthemes-box cymolthemes-box-service cymolthemes-servicebox-styletwo\">\n\t\t<div class=\"cymolthemes-post-item\">\n\t\t\t\t<div class=\"cymolthemes-box-bottom-content\">\t\n\t\t\t\t   <div class=\"cmt-service-iconbox\"><span class=\"cmt-service-icon\"><i class=\"cmt_shiftler flaticon-vessel\"><\/i><\/span><\/div>\t\t\t\t\t<div class=\"cymolthemes-box-title\"><h4><a href=\"https:\/\/gultekinnakliyat.com\/az\/service\/denizyolu-tasimaciligi\/\">D\u0259niz N\u0259qliyyat\u0131<\/a><\/h4><\/div>\t\n\t\t\t\t\t<div class=\"cymolthemes-box-desc\">\n\t\t\t\t\t\t<div class=\"cmt-sboxshort-desc\">\n\t\t\t\t\t\t\t<p>G\u00fcltekin Logistics olaraq d\u0259niz n\u0259qliyyat\u0131 sah\u0259sind\u0259 t\u0259klif etdiyimiz h\u0259rt\u0259r\u0259fli v\u0259 yenilik\u00e7i xidm\u0259tl\u0259rl\u0259 qlobal t\u0259chizat z\u0259ncirl\u0259rinizi etibarl\u0131 v\u0259 effektiv \u015f\u0259kild\u0259 idar\u0259 edirik. <\/p>\n\t\t\t\t\t\t<\/div>\n\t\t\t\t\t<\/div> \n\t\t\t\t\t<div class=\"cymolthemes-servicebox-readmore cmt-vc_btn3\">\n\t\t\t\t\t\t<a href=\"https:\/\/gultekinnakliyat.com\/az\/service\/denizyolu-tasimaciligi\/\">\u018ftrafl\u0131 M\u0259lumat<\/a>\t\t\t\t\t<\/div>\t\n\t\t\t\t<\/div>\n\t\t<\/div>\n<\/article><\/div><div class=\"cmt-sboxbox-col-wrapper col-lg-4 col-sm-6 col-md-4 col-xs-12\"><article class=\"cymolthemes-box cymolthemes-box-service cymolthemes-servicebox-styletwo\">\n\t\t<div class=\"cymolthemes-post-item\">\n\t\t\t\t<div class=\"cymolthemes-box-bottom-content\">\t\n\t\t\t\t   <div class=\"cmt-service-iconbox\"><span class=\"cmt-service-icon\"><i class=\"cmt_shiftler flaticon-travel\"><\/i><\/span><\/div>\t\t\t\t\t<div class=\"cymolthemes-box-title\"><h4><a href=\"https:\/\/gultekinnakliyat.com\/az\/service\/havayolu-tasimaciligi\/\">Hava Yolu N\u0259qliyyat\u0131<\/a><\/h4><\/div>\t\n\t\t\t\t\t<div class=\"cymolthemes-box-desc\">\n\t\t\t\t\t\t<div class=\"cmt-sboxshort-desc\">\n\t\t\t\t\t\t\t<p>G\u00fcltekin Logistics olaraq hava n\u0259qliyyat\u0131 sah\u0259sind\u0259 t\u0259klif etdiyimiz s\u00fcr\u0259tli, etibarl\u0131 v\u0259 \u00e7evik h\u0259ll\u0259rl\u0259 m\u00fc\u015ft\u0259ril\u0259rimiz\u0259 d\u00fcnya miqyas\u0131nda logistik \u00fcst\u00fcnl\u00fckl\u0259r t\u0259qdim edirik.<\/p>\n\t\t\t\t\t\t<\/div>\n\t\t\t\t\t<\/div> \n\t\t\t\t\t<div class=\"cymolthemes-servicebox-readmore cmt-vc_btn3\">\n\t\t\t\t\t\t<a href=\"https:\/\/gultekinnakliyat.com\/az\/service\/havayolu-tasimaciligi\/\">\u018ftrafl\u0131 M\u0259lumat<\/a>\t\t\t\t\t<\/div>\t\n\t\t\t\t<\/div>\n\t\t<\/div>\n<\/article><\/div><div class=\"cmt-sboxbox-col-wrapper col-lg-4 col-sm-6 col-md-4 col-xs-12\"><article class=\"cymolthemes-box cymolthemes-box-service cymolthemes-servicebox-styletwo\">\n\t\t<div class=\"cymolthemes-post-item\">\n\t\t\t\t<div class=\"cymolthemes-box-bottom-content\">\t\n\t\t\t\t   <div class=\"cmt-service-iconbox\"><span class=\"cmt-service-icon\"><i class=\"cmt_shiftler flaticon-location\"><\/i><\/span><\/div>\t\t\t\t\t<div class=\"cymolthemes-box-title\"><h4><a href=\"https:\/\/gultekinnakliyat.com\/az\/service\/depolama-hizmetleri\/\">Saxlama Xidm\u0259tl\u0259ri<\/a><\/h4><\/div>\t\n\t\t\t\t\t<div class=\"cymolthemes-box-desc\">\n\t\t\t\t\t\t<div class=\"cmt-sboxshort-desc\">\n\t\t\t\t\t\t\t<p>M\u00fcasir infrastrukturumuz, qabaqc\u0131l texnologiyam\u0131z v\u0259 t\u0259cr\u00fcb\u0259li i\u015f\u00e7i hey\u0259timizl\u0259 m\u0259hsullar\u0131n\u0131z\u0131n t\u0259hl\u00fck\u0259siz \u015f\u0259kild\u0259 saxlanmas\u0131n\u0131 v\u0259 ehtiyac duydu\u011funuz anda tez bir zamanda \u0259ld\u0259 olunmas\u0131n\u0131 t\u0259min edirik. <\/p>\n\t\t\t\t\t\t<\/div>\n\t\t\t\t\t<\/div> \n\t\t\t\t\t<div class=\"cymolthemes-servicebox-readmore cmt-vc_btn3\">\n\t\t\t\t\t\t<a href=\"https:\/\/gultekinnakliyat.com\/az\/service\/depolama-hizmetleri\/\">\u018ftrafl\u0131 M\u0259lumat<\/a>\t\t\t\t\t<\/div>\t\n\t\t\t\t<\/div>\n\t\t<\/div>\n<\/article><\/div><div class=\"cmt-sboxbox-col-wrapper col-lg-4 col-sm-6 col-md-4 col-xs-12\"><article class=\"cymolthemes-box cymolthemes-box-service cymolthemes-servicebox-styletwo\">\n\t\t<div class=\"cymolthemes-post-item\">\n\t\t\t\t<div class=\"cymolthemes-box-bottom-content\">\t\n\t\t\t\t   <div class=\"cmt-service-iconbox\"><span class=\"cmt-service-icon\"><i class=\"cmt_shiftler flaticon-delivery-truck-2\"><\/i><\/span><\/div>\t\t\t\t\t<div class=\"cymolthemes-box-title\"><h4><a href=\"https:\/\/gultekinnakliyat.com\/az\/service\/gumrukleme-islemleri\/\">G\u00f6mr\u00fck R\u0259smil\u0259\u015fdirilm\u0259si<\/a><\/h4><\/div>\t\n\t\t\t\t\t<div class=\"cymolthemes-box-desc\">\n\t\t\t\t\t\t<div class=\"cmt-sboxshort-desc\">\n\t\t\t\t\t\t\t<p>Beyn\u0259lxalq ticar\u0259td\u0259 \u0259n m\u00fcr\u0259kk\u0259b v\u0259 vaxt aparan prosesl\u0259rd\u0259n biri olan g\u00f6mr\u00fck r\u0259smil\u0259\u015fdirilm\u0259si prosedurlar\u0131nda m\u00fc\u015ft\u0259ril\u0259rimiz\u0259 s\u00fcr\u0259tli, etibarl\u0131 v\u0259 pe\u015f\u0259kar h\u0259ll\u0259r t\u0259klif edirik.<\/p>\n\t\t\t\t\t\t<\/div>\n\t\t\t\t\t<\/div> \n\t\t\t\t\t<div class=\"cymolthemes-servicebox-readmore cmt-vc_btn3\">\n\t\t\t\t\t\t<a href=\"https:\/\/gultekinnakliyat.com\/az\/service\/gumrukleme-islemleri\/\">\u018ftrafl\u0131 M\u0259lumat<\/a>\t\t\t\t\t<\/div>\t\n\t\t\t\t<\/div>\n\t\t<\/div>\n<\/article><\/div><div class=\"cmt-sboxbox-col-wrapper col-lg-4 col-sm-6 col-md-4 col-xs-12\"><article class=\"cymolthemes-box cymolthemes-box-service cymolthemes-servicebox-styletwo\">\n\t\t<div class=\"cymolthemes-post-item\">\n\t\t\t\t<div class=\"cymolthemes-box-bottom-content\">\t\n\t\t\t\t   <div class=\"cmt-service-iconbox\"><span class=\"cmt-service-icon\"><i class=\"cmt_shiftler flaticon-air-freight\"><\/i><\/span><\/div>\t\t\t\t\t<div class=\"cymolthemes-box-title\"><h4><a href=\"https:\/\/gultekinnakliyat.com\/az\/service\/sigorta-hizmetleri\/\">S\u0131\u011forta Xidm\u0259tl\u0259ri<\/a><\/h4><\/div>\t\n\t\t\t\t\t<div class=\"cymolthemes-box-desc\">\n\t\t\t\t\t\t<div class=\"cmt-sboxshort-desc\">\n\t\t\t\t\t\t\t<p>At our Auto Service garage, we are fully appreciate how difficult occur it is for people to find.<\/p>\n\t\t\t\t\t\t<\/div>\n\t\t\t\t\t<\/div> \n\t\t\t\t\t<div class=\"cymolthemes-servicebox-readmore cmt-vc_btn3\">\n\t\t\t\t\t\t<a href=\"https:\/\/gultekinnakliyat.com\/az\/service\/sigorta-hizmetleri\/\">\u018ftrafl\u0131 M\u0259lumat<\/a>\t\t\t\t\t<\/div>\t\n\t\t\t\t<\/div>\n\t\t<\/div>\n<\/article><\/div>\n\t\t\t<\/div>\n\t\t<\/div><!-- .cymolthemes-boxes-inner -->   <\/div><!-- .cymolthemes-boxes -->  \t\t<\/div>\n\t<\/div>\n<\/div>\n\n\n\n\t\t\n\t <\/div> <\/div>\n\n\n<div class=\"vc_row-full-width vc_clearfix\"><\/div>\n\n\n\n\n\n<\/div>","protected":false},"excerpt":{"rendered":"Sigorta Hizmetleri G\u00fcltekin Lojistik olarak, lojistik s\u00fcre\u00e7lerinizin her a\u015famas\u0131nda g\u00fcvenli\u011finizi en \u00fcst d\u00fczeyde tutmak i\u00e7in kapsaml\u0131 sigorta hizmetleri sunuyoruz. Ta\u015f\u0131ma ve depolama s\u0131ras\u0131nda meydana gelebilecek her t\u00fcrl\u00fc risk ve kay\u0131plara kar\u015f\u0131, sigorta \u00e7\u00f6z\u00fcmlerimizle m\u00fc\u015fterilerimize g\u00fcvenli ve huzurlu bir lojistik deneyimi sa\u011fl\u0131yoruz. Deneyimli ekibimiz ve geni\u015f sigorta a\u011f\u0131m\u0131zla, i\u015finizin devaml\u0131l\u0131\u011f\u0131n\u0131 koruma alt\u0131na al\u0131yoruz. Kapsaml\u0131 Sigorta \u00c7\u00f6z\u00fcmlerimiz &hellip; <a href=\"https:\/\/gultekinnakliyat.com\/az\/service\/sigorta-hizmetleri\/\" class=\"more-link\">Continue reading <span class=\"screen-reader-text\">S\u0131\u011forta Xidm\u0259tl\u0259ri<\/span><\/a>","protected":false},"author":1,"featured_media":0,"parent":0,"menu_order":0,"comment_status":"closed","ping_status":"closed","template":"","meta":{"footnotes":""},"class_list":["post-658","page","type-page","status-publish","hentry"],"_links":{"self":[{"href":"https:\/\/gultekinnakliyat.com\/az\/wp-json\/wp\/v2\/pages\/658","targetHints":{"allow":["GET"]}}],"collection":[{"href":"https:\/\/gultekinnakliyat.com\/az\/wp-json\/wp\/v2\/pages"}],"about":[{"href":"https:\/\/gultekinnakliyat.com\/az\/wp-json\/wp\/v2\/types\/page"}],"author":[{"embeddable":true,"href":"https:\/\/gultekinnakliyat.com\/az\/wp-json\/wp\/v2\/users\/1"}],"replies":[{"embeddable":true,"href":"https:\/\/gultekinnakliyat.com\/az\/wp-json\/wp\/v2\/comments?post=658"}],"version-history":[{"count":0,"href":"https:\/\/gultekinnakliyat.com\/az\/wp-json\/wp\/v2\/pages\/658\/revisions"}],"wp:attachment":[{"href":"https:\/\/gultekinnakliyat.com\/az\/wp-json\/wp\/v2\/media?parent=658"}],"curies":[{"name":"wp","href":"https:\/\/api.w.org\/{rel}","templated":true}]}}