{"id":839,"date":"2020-04-28T07:03:26","date_gmt":"2020-04-28T07:03:26","guid":{"rendered":"https:\/\/shiftler.cymolthemes.com\/?page_id=839"},"modified":"2024-06-06T21:16:57","modified_gmt":"2024-06-06T18:16:57","slug":"yazilarimiz","status":"publish","type":"page","link":"https:\/\/gultekinnakliyat.com\/az\/yazilarimiz\/","title":{"rendered":"M\u0259qal\u0259l\u0259rimiz"},"content":{"rendered":"<div class=\"wpb_column cmt-column vc_column_container vc_col-sm-12 cmt-zindex-0\">\n\t<div class=\"vc_column-inner\">\n\t\t\t\t<div class=\"wpb_wrapper\">\n\t\t\t\t\t<\/div>\n\t<\/div>\n<\/div>\n\n\n\n<div class=\"cymolthemes-boxes cymolthemes-boxes-blog cymolthemes-boxes-view-default cymolthemes-boxes-col-three cymolthemes-boxes-sortable-no cymolthemes-boxes-textalign-center cmt-sboxcta3-rev-heading\">\n\t\t<div class=\"cymolthemes-boxes-inner cymolthemes-boxes-blog-inner\">\n\t\t\t\n\t\t\t<div class=\"row multi-columns-row cymolthemes-boxes-row-wrapper\">\n\t\t\t\t<div class=\"cmt-sboxbox-col-wrapper col-lg-4 col-sm-6 col-md-4 col-xs-12 lojistik\"><article class=\"cymolthemes-box cymolthemes-box-blog cymolthemes-blogbox-styleone cymolthemes-blogbox-format-\">\n\t<div class=\"post-item\">\n\t\t<div class=\"cymolthemes-box-content\">\t\t\t\n\t\t\t<div class=\"cmt-featured-outer-wrapper cmt-post-featured-outer-wrapper\">\n\t\t       \t\t\t\t\t\t\t\t<div class=\"cmt-post-categories\"><span class=\"cmt-meta-line cat-links\"><span class=\"screen-reader-text cmt-hide\">Categories <\/span><a href=\"https:\/\/gultekinnakliyat.com\/az\/category\/lojistik\/\" rel=\"category tag\">Lojistik<\/a><\/span><\/div>\n\t\t\t\t\t\t\t\t\t\t<div class=\"cmt-sboxfeatured-wrapper cmt-sboxpost-featured-wrapper cmt-sboxpost-format-\"><a href=\"https:\/\/gultekinnakliyat.com\/az\/azerbaycan-denizyolu-tasimaciligi\/\"><img loading=\"lazy\" decoding=\"async\" width=\"720\" height=\"520\" src=\"https:\/\/gultekinnakliyat.com\/wp-content\/uploads\/2024\/06\/azerbaycan-denizyolu-tasimaciligi-720x520.webp\" class=\"attachment-cymolthemes-img-blog-top size-cymolthemes-img-blog-top wp-post-image\" alt=\"\" srcset=\"https:\/\/gultekinnakliyat.com\/wp-content\/uploads\/2024\/06\/azerbaycan-denizyolu-tasimaciligi-720x520.webp 720w, https:\/\/gultekinnakliyat.com\/wp-content\/uploads\/2024\/06\/azerbaycan-denizyolu-tasimaciligi-18x12.webp 18w\" sizes=\"auto, (max-width: 720px) 100vw, 720px\" data-id=\"4482\" \/><\/a><\/div>\n\t\t\t<\/div>\t\t\n\t\t\t<div class=\"cymolthemes-box-desc\">\n\t\t\t\t<div class=\"cmt-sboxentry-meta-wrapper\"><div class=\"entry-meta cmt-sboxentry-meta cmt-sboxentry-meta-blogbox\"><span class=\"cmt-meta-line posted-on\"><i class=\"cmt-shiftler-icon-calendar-empty\"><\/i> <span class=\"screen-reader-text cmt-hide\">Posted on <\/span><a href=\"https:\/\/gultekinnakliyat.com\/az\/azerbaycan-denizyolu-tasimaciligi\/\" rel=\"bookmark\"><time class=\"entry-date published\" datetime=\"2024-06-06T20:41:50+03:00\">6 June 2024<\/time><time class=\"updated cmt-hide\" datetime=\"2024-06-12T23:32:11+03:00\">12 June 2024<\/time><\/a><\/span><\/div><\/div>\t\t\t\t<div class=\"entry-header\">\n\t\t\t\t    <div class=\"cymolthemes-box-title\"><h4><a href=\"https:\/\/gultekinnakliyat.com\/az\/azerbaycan-denizyolu-tasimaciligi\/\">Az\u0259rbaycan D\u0259niz N\u0259qliyyat\u0131<\/a><\/h4><\/div>\t\n\t\t\t\t<\/div>\t\n\t\t\t\t<div class=\"cymolthemes-box-desc-text\">G\u00fclt\u0259kin N\u0259kliyat Az\u0259rbaycan d\u0259niz n\u0259qliyyat\u0131 sah\u0259sind\u0259 uzun ill\u0259r t\u0259cr\u00fcb\u0259si v\u0259 etibarl\u0131 xidm\u0259tl\u0259r\u0259 malikdir...<\/div>\n\t\t\t\t<div class=\"cymolthemes-box-desc-footer\">\n\t\t\t\t\t<div class=\"cymolthemes-blogbox-desc-footer\">\n\t\t\t\t\t\t<div class=\"cymolthemes-blogbox-footer-left cymolthemes-wrap-cell cmt-vc_btn3\"><a href=\"https:\/\/gultekinnakliyat.com\/az\/azerbaycan-denizyolu-tasimaciligi\/\">Daha \u00c7ox Oxu<\/a><\/div>\t\t\t\t\t<\/div>\n\t\t\t\t<\/div>\t\t\t\t\t\n\t\t\t<\/div>\n        <\/div>\n\t<\/div>\n<\/article>\n\n\n<\/div><div class=\"cmt-sboxbox-col-wrapper col-lg-4 col-sm-6 col-md-4 col-xs-12 lojistik\"><article class=\"cymolthemes-box cymolthemes-box-blog cymolthemes-blogbox-styleone cymolthemes-blogbox-format-\">\n\t<div class=\"post-item\">\n\t\t<div class=\"cymolthemes-box-content\">\t\t\t\n\t\t\t<div class=\"cmt-featured-outer-wrapper cmt-post-featured-outer-wrapper\">\n\t\t       \t\t\t\t\t\t\t\t<div class=\"cmt-post-categories\"><span class=\"cmt-meta-line cat-links\"><span class=\"screen-reader-text cmt-hide\">Categories <\/span><a href=\"https:\/\/gultekinnakliyat.com\/az\/category\/lojistik\/\" rel=\"category tag\">Lojistik<\/a><\/span><\/div>\n\t\t\t\t\t\t\t\t\t\t<div class=\"cmt-sboxfeatured-wrapper cmt-sboxpost-featured-wrapper cmt-sboxpost-format-\"><a href=\"https:\/\/gultekinnakliyat.com\/az\/azerbaycan-havayolu-tasimaciligi\/\"><img loading=\"lazy\" decoding=\"async\" width=\"720\" height=\"520\" src=\"https:\/\/gultekinnakliyat.com\/wp-content\/uploads\/2024\/06\/azerbaycan-havayolu-tasimaciligi-720x520.png\" class=\"attachment-cymolthemes-img-blog-top size-cymolthemes-img-blog-top wp-post-image\" alt=\"\" srcset=\"https:\/\/gultekinnakliyat.com\/wp-content\/uploads\/2024\/06\/azerbaycan-havayolu-tasimaciligi-720x520.png 720w, https:\/\/gultekinnakliyat.com\/wp-content\/uploads\/2024\/06\/azerbaycan-havayolu-tasimaciligi-18x12.png 18w\" sizes=\"auto, (max-width: 720px) 100vw, 720px\" data-id=\"4483\" \/><\/a><\/div>\n\t\t\t<\/div>\t\t\n\t\t\t<div class=\"cymolthemes-box-desc\">\n\t\t\t\t<div class=\"cmt-sboxentry-meta-wrapper\"><div class=\"entry-meta cmt-sboxentry-meta cmt-sboxentry-meta-blogbox\"><span class=\"cmt-meta-line posted-on\"><i class=\"cmt-shiftler-icon-calendar-empty\"><\/i> <span class=\"screen-reader-text cmt-hide\">Posted on <\/span><a href=\"https:\/\/gultekinnakliyat.com\/az\/azerbaycan-havayolu-tasimaciligi\/\" rel=\"bookmark\"><time class=\"entry-date published\" datetime=\"2024-06-06T20:38:05+03:00\">6 June 2024<\/time><time class=\"updated cmt-hide\" datetime=\"2024-06-12T23:33:05+03:00\">12 June 2024<\/time><\/a><\/span><\/div><\/div>\t\t\t\t<div class=\"entry-header\">\n\t\t\t\t    <div class=\"cymolthemes-box-title\"><h4><a href=\"https:\/\/gultekinnakliyat.com\/az\/azerbaycan-havayolu-tasimaciligi\/\">Az\u0259rbaycan Hava N\u0259qliyyat\u0131<\/a><\/h4><\/div>\t\n\t\t\t\t<\/div>\t\n\t\t\t\t<div class=\"cymolthemes-box-desc-text\">G\u00fclt\u0259kin Nakliyat, Az\u0259rbaycan hava n\u0259qliyyat\u0131 sah\u0259sind\u0259 ill\u0259rin t\u0259cr\u00fcb\u0259si v\u0259 t\u0259cr\u00fcb\u0259si il\u0259...<\/div>\n\t\t\t\t<div class=\"cymolthemes-box-desc-footer\">\n\t\t\t\t\t<div class=\"cymolthemes-blogbox-desc-footer\">\n\t\t\t\t\t\t<div class=\"cymolthemes-blogbox-footer-left cymolthemes-wrap-cell cmt-vc_btn3\"><a href=\"https:\/\/gultekinnakliyat.com\/az\/azerbaycan-havayolu-tasimaciligi\/\">Daha \u00c7ox Oxu<\/a><\/div>\t\t\t\t\t<\/div>\n\t\t\t\t<\/div>\t\t\t\t\t\n\t\t\t<\/div>\n        <\/div>\n\t<\/div>\n<\/article>\n\n\n<\/div><div class=\"cmt-sboxbox-col-wrapper col-lg-4 col-sm-6 col-md-4 col-xs-12 lojistik\"><article class=\"cymolthemes-box cymolthemes-box-blog cymolthemes-blogbox-styleone cymolthemes-blogbox-format-\">\n\t<div class=\"post-item\">\n\t\t<div class=\"cymolthemes-box-content\">\t\t\t\n\t\t\t<div class=\"cmt-featured-outer-wrapper cmt-post-featured-outer-wrapper\">\n\t\t       \t\t\t\t\t\t\t\t<div class=\"cmt-post-categories\"><span class=\"cmt-meta-line cat-links\"><span class=\"screen-reader-text cmt-hide\">Categories <\/span><a href=\"https:\/\/gultekinnakliyat.com\/az\/category\/lojistik\/\" rel=\"category tag\">Lojistik<\/a><\/span><\/div>\n\t\t\t\t\t\t\t\t\t\t<div class=\"cmt-sboxfeatured-wrapper cmt-sboxpost-featured-wrapper cmt-sboxpost-format-\"><a href=\"https:\/\/gultekinnakliyat.com\/az\/azerbaycan-arac-tasimaciligi\/\"><img loading=\"lazy\" decoding=\"async\" width=\"720\" height=\"520\" src=\"https:\/\/gultekinnakliyat.com\/wp-content\/uploads\/2024\/06\/azerbaycan-car-720x520.webp\" class=\"attachment-cymolthemes-img-blog-top size-cymolthemes-img-blog-top wp-post-image\" alt=\"\" srcset=\"https:\/\/gultekinnakliyat.com\/wp-content\/uploads\/2024\/06\/azerbaycan-car-720x520.webp 720w, https:\/\/gultekinnakliyat.com\/wp-content\/uploads\/2024\/06\/azerbaycan-car-18x12.webp 18w\" sizes=\"auto, (max-width: 720px) 100vw, 720px\" data-id=\"4479\" \/><\/a><\/div>\n\t\t\t<\/div>\t\t\n\t\t\t<div class=\"cymolthemes-box-desc\">\n\t\t\t\t<div class=\"cmt-sboxentry-meta-wrapper\"><div class=\"entry-meta cmt-sboxentry-meta cmt-sboxentry-meta-blogbox\"><span class=\"cmt-meta-line posted-on\"><i class=\"cmt-shiftler-icon-calendar-empty\"><\/i> <span class=\"screen-reader-text cmt-hide\">Posted on <\/span><a href=\"https:\/\/gultekinnakliyat.com\/az\/azerbaycan-arac-tasimaciligi\/\" rel=\"bookmark\"><time class=\"entry-date published\" datetime=\"2024-06-06T20:31:11+03:00\">6 June 2024<\/time><time class=\"updated cmt-hide\" datetime=\"2024-06-12T23:28:56+03:00\">12 June 2024<\/time><\/a><\/span><\/div><\/div>\t\t\t\t<div class=\"entry-header\">\n\t\t\t\t    <div class=\"cymolthemes-box-title\"><h4><a href=\"https:\/\/gultekinnakliyat.com\/az\/azerbaycan-arac-tasimaciligi\/\">Az\u0259rbaycan Avtomobil N\u0259qliyyat\u0131<\/a><\/h4><\/div>\t\n\t\t\t\t<\/div>\t\n\t\t\t\t<div class=\"cymolthemes-box-desc-text\">G\u00fcltekin Nakliyat Az\u0259rbaycan avtomobil da\u015f\u0131malar\u0131 sah\u0259sind\u0259 ill\u0259rin t\u0259cr\u00fcb\u0259si v\u0259 inam\u0131 il\u0259 xidm\u0259t edir...<\/div>\n\t\t\t\t<div class=\"cymolthemes-box-desc-footer\">\n\t\t\t\t\t<div class=\"cymolthemes-blogbox-desc-footer\">\n\t\t\t\t\t\t<div class=\"cymolthemes-blogbox-footer-left cymolthemes-wrap-cell cmt-vc_btn3\"><a href=\"https:\/\/gultekinnakliyat.com\/az\/azerbaycan-arac-tasimaciligi\/\">Daha \u00c7ox Oxu<\/a><\/div>\t\t\t\t\t<\/div>\n\t\t\t\t<\/div>\t\t\t\t\t\n\t\t\t<\/div>\n        <\/div>\n\t<\/div>\n<\/article>\n\n\n<\/div><div class=\"cmt-sboxbox-col-wrapper col-lg-4 col-sm-6 col-md-4 col-xs-12 lojistik\"><article class=\"cymolthemes-box cymolthemes-box-blog cymolthemes-blogbox-styleone cymolthemes-blogbox-format-\">\n\t<div class=\"post-item\">\n\t\t<div class=\"cymolthemes-box-content\">\t\t\t\n\t\t\t<div class=\"cmt-featured-outer-wrapper cmt-post-featured-outer-wrapper\">\n\t\t       \t\t\t\t\t\t\t\t<div class=\"cmt-post-categories\"><span class=\"cmt-meta-line cat-links\"><span class=\"screen-reader-text cmt-hide\">Categories <\/span><a href=\"https:\/\/gultekinnakliyat.com\/az\/category\/lojistik\/\" rel=\"category tag\">Lojistik<\/a><\/span><\/div>\n\t\t\t\t\t\t\t\t\t\t<div class=\"cmt-sboxfeatured-wrapper cmt-sboxpost-featured-wrapper cmt-sboxpost-format-\"><a href=\"https:\/\/gultekinnakliyat.com\/az\/azerbaycan-parsiyel-tasimacilik\/\"><img loading=\"lazy\" decoding=\"async\" width=\"720\" height=\"520\" src=\"https:\/\/gultekinnakliyat.com\/wp-content\/uploads\/2024\/06\/azerbaycan-parsiyel-tasimacilik-720x520.webp\" class=\"attachment-cymolthemes-img-blog-top size-cymolthemes-img-blog-top wp-post-image\" alt=\"\" srcset=\"https:\/\/gultekinnakliyat.com\/wp-content\/uploads\/2024\/06\/azerbaycan-parsiyel-tasimacilik-720x520.webp 720w, https:\/\/gultekinnakliyat.com\/wp-content\/uploads\/2024\/06\/azerbaycan-parsiyel-tasimacilik-18x12.webp 18w\" sizes=\"auto, (max-width: 720px) 100vw, 720px\" data-id=\"4480\" \/><\/a><\/div>\n\t\t\t<\/div>\t\t\n\t\t\t<div class=\"cymolthemes-box-desc\">\n\t\t\t\t<div class=\"cmt-sboxentry-meta-wrapper\"><div class=\"entry-meta cmt-sboxentry-meta cmt-sboxentry-meta-blogbox\"><span class=\"cmt-meta-line posted-on\"><i class=\"cmt-shiftler-icon-calendar-empty\"><\/i> <span class=\"screen-reader-text cmt-hide\">Posted on <\/span><a href=\"https:\/\/gultekinnakliyat.com\/az\/azerbaycan-parsiyel-tasimacilik\/\" rel=\"bookmark\"><time class=\"entry-date published\" datetime=\"2024-06-06T20:19:55+03:00\">6 June 2024<\/time><time class=\"updated cmt-hide\" datetime=\"2024-06-12T23:30:06+03:00\">12 June 2024<\/time><\/a><\/span><\/div><\/div>\t\t\t\t<div class=\"entry-header\">\n\t\t\t\t    <div class=\"cymolthemes-box-title\"><h4><a href=\"https:\/\/gultekinnakliyat.com\/az\/azerbaycan-parsiyel-tasimacilik\/\">Az\u0259rbaycan Parsiyel Da\u015f\u0131ma<\/a><\/h4><\/div>\t\n\t\t\t\t<\/div>\t\n\t\t\t\t<div class=\"cymolthemes-box-desc-text\">G\u00fclt\u0259kin Nakliyat Az\u0259rbaycan parsiyel da\u015f\u0131ma sah\u0259sind\u0259 ill\u0259rin t\u0259cr\u00fcb\u0259si v\u0259 g\u00fcv\u0259ni il\u0259 xidm\u0259t edir...<\/div>\n\t\t\t\t<div class=\"cymolthemes-box-desc-footer\">\n\t\t\t\t\t<div class=\"cymolthemes-blogbox-desc-footer\">\n\t\t\t\t\t\t<div class=\"cymolthemes-blogbox-footer-left cymolthemes-wrap-cell cmt-vc_btn3\"><a href=\"https:\/\/gultekinnakliyat.com\/az\/azerbaycan-parsiyel-tasimacilik\/\">Daha \u00c7ox Oxu<\/a><\/div>\t\t\t\t\t<\/div>\n\t\t\t\t<\/div>\t\t\t\t\t\n\t\t\t<\/div>\n        <\/div>\n\t<\/div>\n<\/article>\n\n\n<\/div><div class=\"cmt-sboxbox-col-wrapper col-lg-4 col-sm-6 col-md-4 col-xs-12 lojistik\"><article class=\"cymolthemes-box cymolthemes-box-blog cymolthemes-blogbox-styleone cymolthemes-blogbox-format-\">\n\t<div class=\"post-item\">\n\t\t<div class=\"cymolthemes-box-content\">\t\t\t\n\t\t\t<div class=\"cmt-featured-outer-wrapper cmt-post-featured-outer-wrapper\">\n\t\t       \t\t\t\t\t\t\t\t<div class=\"cmt-post-categories\"><span class=\"cmt-meta-line cat-links\"><span class=\"screen-reader-text cmt-hide\">Categories <\/span><a href=\"https:\/\/gultekinnakliyat.com\/az\/category\/lojistik\/\" rel=\"category tag\">Lojistik<\/a><\/span><\/div>\n\t\t\t\t\t\t\t\t\t\t<div class=\"cmt-sboxfeatured-wrapper cmt-sboxpost-featured-wrapper cmt-sboxpost-format-\"><a href=\"https:\/\/gultekinnakliyat.com\/az\/azerbaycan-komple-tasimacilik\/\"><img loading=\"lazy\" decoding=\"async\" width=\"720\" height=\"520\" src=\"https:\/\/gultekinnakliyat.com\/wp-content\/uploads\/2024\/06\/azerbaycan-komple-tasimacilik-720x520.webp\" class=\"attachment-cymolthemes-img-blog-top size-cymolthemes-img-blog-top wp-post-image\" alt=\"\" srcset=\"https:\/\/gultekinnakliyat.com\/wp-content\/uploads\/2024\/06\/azerbaycan-komple-tasimacilik-720x520.webp 720w, https:\/\/gultekinnakliyat.com\/wp-content\/uploads\/2024\/06\/azerbaycan-komple-tasimacilik-18x12.webp 18w\" sizes=\"auto, (max-width: 720px) 100vw, 720px\" data-id=\"4481\" \/><\/a><\/div>\n\t\t\t<\/div>\t\t\n\t\t\t<div class=\"cymolthemes-box-desc\">\n\t\t\t\t<div class=\"cmt-sboxentry-meta-wrapper\"><div class=\"entry-meta cmt-sboxentry-meta cmt-sboxentry-meta-blogbox\"><span class=\"cmt-meta-line posted-on\"><i class=\"cmt-shiftler-icon-calendar-empty\"><\/i> <span class=\"screen-reader-text cmt-hide\">Posted on <\/span><a href=\"https:\/\/gultekinnakliyat.com\/az\/azerbaycan-komple-tasimacilik\/\" rel=\"bookmark\"><time class=\"entry-date published\" datetime=\"2024-06-06T20:14:44+03:00\">6 June 2024<\/time><time class=\"updated cmt-hide\" datetime=\"2024-06-12T23:31:09+03:00\">12 June 2024<\/time><\/a><\/span><\/div><\/div>\t\t\t\t<div class=\"entry-header\">\n\t\t\t\t    <div class=\"cymolthemes-box-title\"><h4><a href=\"https:\/\/gultekinnakliyat.com\/az\/azerbaycan-komple-tasimacilik\/\">Az\u0259rbaycan Tam Da\u015f\u0131ma<\/a><\/h4><\/div>\t\n\t\t\t\t<\/div>\t\n\t\t\t\t<div class=\"cymolthemes-box-desc-text\">G\u00fclt\u0259kin Nakliyat Az\u0259rbaycan komplekt da\u015f\u0131malar\u0131 sah\u0259sind\u0259 ill\u0259rin t\u0259cr\u00fcb\u0259si v\u0259 t\u0259cr\u00fcb\u0259si il\u0259 xidm\u0259t g\u00f6st\u0259rir...<\/div>\n\t\t\t\t<div class=\"cymolthemes-box-desc-footer\">\n\t\t\t\t\t<div class=\"cymolthemes-blogbox-desc-footer\">\n\t\t\t\t\t\t<div class=\"cymolthemes-blogbox-footer-left cymolthemes-wrap-cell cmt-vc_btn3\"><a href=\"https:\/\/gultekinnakliyat.com\/az\/azerbaycan-komple-tasimacilik\/\">Daha \u00c7ox Oxu<\/a><\/div>\t\t\t\t\t<\/div>\n\t\t\t\t<\/div>\t\t\t\t\t\n\t\t\t<\/div>\n        <\/div>\n\t<\/div>\n<\/article>\n\n\n<\/div><div class=\"cmt-sboxbox-col-wrapper col-lg-4 col-sm-6 col-md-4 col-xs-12 lojistik\"><article class=\"cymolthemes-box cymolthemes-box-blog cymolthemes-blogbox-styleone cymolthemes-blogbox-format-\">\n\t<div class=\"post-item\">\n\t\t<div class=\"cymolthemes-box-content\">\t\t\t\n\t\t\t<div class=\"cmt-featured-outer-wrapper cmt-post-featured-outer-wrapper\">\n\t\t       \t\t\t\t\t\t\t\t<div class=\"cmt-post-categories\"><span class=\"cmt-meta-line cat-links\"><span class=\"screen-reader-text cmt-hide\">Categories <\/span><a href=\"https:\/\/gultekinnakliyat.com\/az\/category\/lojistik\/\" rel=\"category tag\">Lojistik<\/a><\/span><\/div>\n\t\t\t\t\t\t\t\t\t\t<div class=\"cmt-sboxfeatured-wrapper cmt-sboxpost-featured-wrapper cmt-sboxpost-format-\"><a href=\"https:\/\/gultekinnakliyat.com\/az\/5-ways-boost-the-warehouse-performance-in-logistics\/\"><img loading=\"lazy\" decoding=\"async\" width=\"720\" height=\"520\" src=\"https:\/\/gultekinnakliyat.com\/wp-content\/uploads\/2024\/06\/azerbaycan-nakliyat-720x520.webp\" class=\"attachment-cymolthemes-img-blog-top size-cymolthemes-img-blog-top wp-post-image\" alt=\"\" srcset=\"https:\/\/gultekinnakliyat.com\/wp-content\/uploads\/2024\/06\/azerbaycan-nakliyat-720x520.webp 720w, https:\/\/gultekinnakliyat.com\/wp-content\/uploads\/2024\/06\/azerbaycan-nakliyat-18x12.webp 18w\" sizes=\"auto, (max-width: 720px) 100vw, 720px\" data-id=\"4493\" \/><\/a><\/div>\n\t\t\t<\/div>\t\t\n\t\t\t<div class=\"cymolthemes-box-desc\">\n\t\t\t\t<div class=\"cmt-sboxentry-meta-wrapper\"><div class=\"entry-meta cmt-sboxentry-meta cmt-sboxentry-meta-blogbox\"><span class=\"cmt-meta-line posted-on\"><i class=\"cmt-shiftler-icon-calendar-empty\"><\/i> <span class=\"screen-reader-text cmt-hide\">Posted on <\/span><a href=\"https:\/\/gultekinnakliyat.com\/az\/5-ways-boost-the-warehouse-performance-in-logistics\/\" rel=\"bookmark\"><time class=\"entry-date published\" datetime=\"2024-06-06T17:35:55+03:00\">6 June 2024<\/time><time class=\"updated cmt-hide\" datetime=\"2024-06-12T23:45:44+03:00\">12 June 2024<\/time><\/a><\/span><\/div><\/div>\t\t\t\t<div class=\"entry-header\">\n\t\t\t\t    <div class=\"cymolthemes-box-title\"><h4><a href=\"https:\/\/gultekinnakliyat.com\/az\/5-ways-boost-the-warehouse-performance-in-logistics\/\">D\u00fcnyan\u0131 Az\u0259rbaycana g\u0259tiririk<\/a><\/h4><\/div>\t\n\t\t\t\t<\/div>\t\n\t\t\t\t<div class=\"cymolthemes-box-desc-text\">G\u00fcltekin Nakliyat, Azerbaycan ta\u015f\u0131mac\u0131l\u0131\u011f\u0131nda y\u0131llar\u0131n getirdi\u011fi deneyim ve uzmanl\u0131kla hizmet vermektedi...<\/div>\n\t\t\t\t<div class=\"cymolthemes-box-desc-footer\">\n\t\t\t\t\t<div class=\"cymolthemes-blogbox-desc-footer\">\n\t\t\t\t\t\t<div class=\"cymolthemes-blogbox-footer-left cymolthemes-wrap-cell cmt-vc_btn3\"><a href=\"https:\/\/gultekinnakliyat.com\/az\/5-ways-boost-the-warehouse-performance-in-logistics\/\">Daha \u00c7ox Oxu<\/a><\/div>\t\t\t\t\t<\/div>\n\t\t\t\t<\/div>\t\t\t\t\t\n\t\t\t<\/div>\n        <\/div>\n\t<\/div>\n<\/article>\n\n\n<\/div>\n\t\t\t<\/div>\n\t\t<\/div><!-- .cymolthemes-boxes-inner -->   <\/div><!-- .cymolthemes-boxes -->  <\/p>","protected":false},"excerpt":{"rendered":"G\u00fcltekin Nakliyat, Azerbaycan ta\u015f\u0131mac\u0131l\u0131\u011f\u0131nda y\u0131llar\u0131n getirdi\u011fi deneyim ve uzmanl\u0131kla hizmet vermektedir. Yerel lojistik dinamikleri ve gereksinimleri konusunda derin bilgiye sahip ekiplerimiz, her t\u00fcrl\u00fc ta\u015f\u0131mac\u0131l\u0131k ihtiyac\u0131n\u0131za profesyonel \u00e7\u00f6z\u00fcmler sunar. Kapsaml\u0131 Hizmet Yelpazesi Karayolu Ta\u015f\u0131mac\u0131l\u0131\u011f\u0131 Geni\u015f ve modern ara\u00e7 filomuz ile T\u00fcrkiye'den Azerbaycan'a d\u00fczenli ve g\u00fcvenilir karayolu ta\u015f\u0131mac\u0131l\u0131\u011f\u0131 hizmeti sa\u011fl\u0131yoruz. Y\u00fcklerinizin g\u00fcvenli ve zaman\u0131nda teslimat\u0131n\u0131 garanti ediyoruz. &hellip; <a href=\"https:\/\/gultekinnakliyat.com\/az\/5-ways-boost-the-warehouse-performance-in-logistics\/\" class=\"more-link\">Continue reading <span class=\"screen-reader-text\">D\u00fcnyan\u0131 Az\u0259rbaycana g\u0259tiririk<\/span><\/a>","protected":false},"author":1,"featured_media":0,"parent":0,"menu_order":0,"comment_status":"closed","ping_status":"closed","template":"","meta":{"footnotes":""},"class_list":["post-839","page","type-page","status-publish","hentry"],"_links":{"self":[{"href":"https:\/\/gultekinnakliyat.com\/az\/wp-json\/wp\/v2\/pages\/839","targetHints":{"allow":["GET"]}}],"collection":[{"href":"https:\/\/gultekinnakliyat.com\/az\/wp-json\/wp\/v2\/pages"}],"about":[{"href":"https:\/\/gultekinnakliyat.com\/az\/wp-json\/wp\/v2\/types\/page"}],"author":[{"embeddable":true,"href":"https:\/\/gultekinnakliyat.com\/az\/wp-json\/wp\/v2\/users\/1"}],"replies":[{"embeddable":true,"href":"https:\/\/gultekinnakliyat.com\/az\/wp-json\/wp\/v2\/comments?post=839"}],"version-history":[{"count":7,"href":"https:\/\/gultekinnakliyat.com\/az\/wp-json\/wp\/v2\/pages\/839\/revisions"}],"predecessor-version":[{"id":4338,"href":"https:\/\/gultekinnakliyat.com\/az\/wp-json\/wp\/v2\/pages\/839\/revisions\/4338"}],"wp:attachment":[{"href":"https:\/\/gultekinnakliyat.com\/az\/wp-json\/wp\/v2\/media?parent=839"}],"curies":[{"name":"wp","href":"https:\/\/api.w.org\/{rel}","templated":true}]}}