{"id":849,"date":"2020-04-28T07:11:57","date_gmt":"2020-04-28T07:11:57","guid":{"rendered":"https:\/\/shiftler.cymolthemes.com\/?page_id=849"},"modified":"2024-06-06T14:14:27","modified_gmt":"2024-06-06T11:14:27","slug":"s-s-s","status":"publish","type":"page","link":"https:\/\/gultekinnakliyat.com\/az\/s-s-s\/","title":{"rendered":"Tez-tez Soru\u015fulan Suallar"},"content":{"rendered":"<div class=\"wpb-content-wrapper\"><div class=\"cmt-row wpb_row vc_row-fluid vc_custom_1608958922751 cmt-sboxresponsive-custom-52341248 cmt-zindex-0 vc_row container cmt-bgimage-position-center_center\">\n\n\t\t\n\t\t\n\t\t\n\n<div class=\"wpb_column cmt-column vc_column_container vc_col-sm-12 cmt-zindex-0\">\n\t<div class=\"vc_column-inner\">\n\t\t\t\t<div class=\"wpb_wrapper\">\n\t\t\t<div class=\"cmt-element-heading-wrapper cmt-sboxheading-inner cmt-sboxelement-align-left cmt-seperator-none cmt-sboxheading-style-horizontal\"><section class=\"cmt-sboxvc_cta3-container\"><div class=\"cmt-vc_general cmt-sboxvc_cta3 cmt-sboxcta3-only cmt-sboxvc_cta3-style-classic cmt-sboxvc_cta3-shape-rounded cmt-sboxvc_cta3-align-left cmt-sboxvc_cta3-color-transparent cmt-sboxvc_cta3-icon-size-md cmt-sboxvc_cta3-actions-no cmt-sboxcta3-with-desc\"><div class=\"cmt-vc_cta3_content-container\"><div class=\"cmt-vc_cta3-content\"><header class=\"cmt-vc_cta3-content-header cmt-section-wrapper\"><div class=\"cmt-sboxvc_cta3-headers cmt-section-wrapper-cell\"><h4 class=\"cmt-custom-heading\" >\u00dcmumi Suallar<\/h4>\n<h2 class=\"cmt-custom-heading\" >Son Sorulan Sorular<\/h2>\n<\/div><div class=\"heading-seperator\"><span><\/span><\/div><\/header><div class=\"cmt-sboxcta3-content-wrapper\"><p>A\u015fa\u011f\u0131da b\u0259zi tez-tez veril\u0259n suallara cavab tapa bil\u0259rsiniz. Biz daim bu s\u0259hif\u0259y\u0259 \u0259n \u00e7ox veril\u0259n suallar\u0131 \u0259lav\u0259 edirik.<\/p><\/div><\/div><\/div><\/div><\/section><\/div> <!-- .cmt-element-heading-wrapper container --> \t\t<\/div>\n\t<\/div>\n<\/div>\n\n\n\n\t\t\n\t<\/div>\n\n\n\n\n\n\n\n\n\n\n\n<div class=\"cmt-row wpb_row vc_row-fluid vc_custom_1608895633302 cmt-sboxresponsive-custom-78432574 break-991-colum cmt-zindex-0 vc_row container cmt-bgimage-position-center_center\">\n\n\t\t\n\t\t\n\t\t\n\n<div class=\"wpb_column cmt-column vc_column_container vc_col-sm-6 cmt-zindex-0\">\n\t<div class=\"vc_column-inner\">\n\t\t\t\t<div class=\"wpb_wrapper\">\n\t\t\t<div  class=\"vc_do_toggle vc_toggle vc_toggle_default vc_toggle_color_black  vc_toggle_size_md\"><div class=\"vc_toggle_title\"><h4>1. G\u00fcltekin International Logistics hans\u0131 xidm\u0259tl\u0259ri t\u0259klif edir?<\/h4><i class=\"vc_toggle_icon\"><\/i><\/div><div class=\"vc_toggle_content\"><p>G\u00fcltekin International Logistics olaraq evd\u0259n ev\u0259 da\u015f\u0131ma, ofis da\u015f\u0131ma, beyn\u0259lxalq da\u015f\u0131ma, g\u00f6mr\u00fck r\u0259smil\u0259\u015fdirilm\u0259si, anbar v\u0259 layih\u0259 da\u015f\u0131malar\u0131 kimi geni\u015f \u00e7e\u015fidd\u0259 xidm\u0259tl\u0259r t\u0259klif edirik. Da\u015f\u0131ma ehtiyaclar\u0131n\u0131za uy\u011fun h\u0259ll\u0259r t\u0259klif ed\u0259r\u0259k, \u0259\u015fyalar\u0131n\u0131z\u0131n t\u0259hl\u00fck\u0259siz v\u0259 vaxt\u0131nda \u00e7atd\u0131r\u0131lmas\u0131n\u0131 t\u0259min edirik.<\/p>\n<\/div><\/div><div  class=\"vc_do_toggle vc_toggle vc_toggle_default vc_toggle_color_black  vc_toggle_size_md\"><div class=\"vc_toggle_title\"><h4>2. N\u0259qliyyat xidm\u0259tl\u0259riniz hans\u0131 regionlar\u0131 \u0259hat\u0259 edir?<\/h4><i class=\"vc_toggle_icon\"><\/i><\/div><div class=\"vc_toggle_content\"><p>Xidm\u0259tl\u0259rimiz T\u00fcrkiy\u0259 daxilind\u0259 v\u0259 beyn\u0259lxalq s\u0259viyy\u0259d\u0259 geni\u015f \u015f\u0259b\u0259k\u0259d\u0259 t\u0259klif olunur. D\u00fcnya \u00fczr\u0259 biznes t\u0259r\u0259fda\u015flar\u0131m\u0131z v\u0259 g\u00fccl\u00fc logistika \u015f\u0259b\u0259k\u0259miz say\u0259sind\u0259 mallar\u0131n\u0131z\u0131 b\u00fct\u00fcn d\u00fcnyaya t\u0259hl\u00fck\u0259siz \u015f\u0259kild\u0259 \u00e7atd\u0131r\u0131r\u0131q.<\/p>\n<\/div><\/div><div  class=\"vc_do_toggle vc_toggle vc_toggle_default vc_toggle_color_black  vc_toggle_size_md\"><div class=\"vc_toggle_title\"><h4>3. Da\u015f\u0131nma prosesind\u0259 m\u0259nim \u0259\u015fyalar\u0131m nec\u0259 qorunur?<\/h4><i class=\"vc_toggle_icon\"><\/i><\/div><div class=\"vc_toggle_content\"><p>\u018f\u015fyalar\u0131n\u0131z\u0131n t\u0259hl\u00fck\u0259sizliyi bizim \u00fc\u00e7\u00fcn prioritetdir. \u018f\u015fyalar\u0131n\u0131z\u0131n da\u015f\u0131nma prosesind\u0259 z\u0259d\u0259l\u0259nm\u0259sinin qar\u015f\u0131s\u0131n\u0131 almaq \u00fc\u00e7\u00fcn pe\u015f\u0259kar qabla\u015fd\u0131rma materiallar\u0131 v\u0259 \u00fcsullar\u0131ndan istifad\u0259 edirik. Biz h\u0259m\u00e7inin da\u015f\u0131nma zaman\u0131 ba\u015f ver\u0259 bil\u0259c\u0259k xo\u015fag\u0259lm\u0259z hadis\u0259l\u0259r\u0259 qar\u015f\u0131 h\u0259rt\u0259r\u0259fli s\u0131\u011forta variantlar\u0131 t\u0259klif edirik.<\/p>\n<\/div><\/div><div  class=\"vc_do_toggle vc_toggle vc_toggle_default vc_toggle_color_black  vc_toggle_size_md\"><div class=\"vc_toggle_title\"><h4>4. Da\u015f\u0131nma vaxt\u0131 n\u0259 q\u0259d\u0259r \u00e7\u0259kir?<\/h4><i class=\"vc_toggle_icon\"><\/i><\/div><div class=\"vc_toggle_content\"><p>Da\u015f\u0131nma m\u00fcdd\u0259ti da\u015f\u0131nacaq mallar\u0131n miqdar\u0131ndan, da\u015f\u0131nacaq m\u0259saf\u0259d\u0259n v\u0259 da\u015f\u0131ma n\u00f6v\u00fcnd\u0259n as\u0131l\u0131 olaraq d\u0259yi\u015fir. Yerli g\u00f6nd\u0259rm\u0259 ad\u0259t\u0259n bir ne\u00e7\u0259 g\u00fcn \u0259rzind\u0259 tamamlansa da, beyn\u0259lxalq g\u00f6nd\u0259rm\u0259 g\u00f6mr\u00fck r\u0259smil\u0259\u015fdirilm\u0259si v\u0259 m\u0259saf\u0259 kimi amill\u0259rd\u0259n as\u0131l\u0131 olaraq bir ne\u00e7\u0259 h\u0259ft\u0259 \u00e7\u0259k\u0259 bil\u0259r.<\/p>\n<\/div><\/div><div  class=\"vc_do_toggle vc_toggle vc_toggle_default vc_toggle_color_black  vc_toggle_size_md\"><div class=\"vc_toggle_title\"><h4>5. G\u00f6mr\u00fck prosedurlar\u0131 nec\u0259 h\u0259yata ke\u00e7irilir?<\/h4><i class=\"vc_toggle_icon\"><\/i><\/div><div class=\"vc_toggle_content\"><p>Beyn\u0259lxalq da\u015f\u0131ma xidm\u0259tl\u0259rimiz \u00e7\u0259r\u00e7iv\u0259sind\u0259 g\u00f6mr\u00fck prosedurlar\u0131n\u0131 pe\u015f\u0259kar komandam\u0131z t\u0259r\u0259find\u0259n idar\u0259 edirik. Biz g\u00f6mr\u00fck qanunvericiliyin\u0259 uy\u011fun olaraq laz\u0131mi s\u0259n\u0259dl\u0259rin haz\u0131rlanmas\u0131 v\u0259 \u0259m\u0259liyyatlar\u0131n tez ba\u015fa \u00e7atd\u0131r\u0131lmas\u0131 \u00fc\u00e7\u00fcn laz\u0131m olan b\u00fct\u00fcn d\u0259st\u0259yi veririk.<\/p>\n<\/div><\/div><div  class=\"vc_do_toggle vc_toggle vc_toggle_default vc_toggle_color_black  vc_toggle_size_md\"><div class=\"vc_toggle_title\"><h4>6. Saxlama xidm\u0259tl\u0259riniz varm\u0131?<\/h4><i class=\"vc_toggle_icon\"><\/i><\/div><div class=\"vc_toggle_content\"><p>B\u0259li, m\u00fcv\u0259qq\u0259ti v\u0259 ya uzunm\u00fcdd\u0259tli saxlama ehtiyaclar\u0131n\u0131z \u00fc\u00e7\u00fcn t\u0259hl\u00fck\u0259siz v\u0259 m\u00fcasir saxlama yerl\u0259rimiz var. \u018f\u015fyalar\u0131n\u0131z\u0131n t\u0259hl\u00fck\u0259siz \u015f\u0259kild\u0259 saxlanmas\u0131n\u0131 t\u0259min etm\u0259k \u00fc\u00e7\u00fcn anbarlar\u0131m\u0131zda qabaqc\u0131l t\u0259hl\u00fck\u0259sizlik sisteml\u0259rind\u0259n istifad\u0259 edirik.<\/p>\n<\/div><\/div><div  class=\"vc_do_toggle vc_toggle vc_toggle_default vc_toggle_color_black  vc_toggle_size_md\"><div class=\"vc_toggle_title\"><h4>7. Da\u015f\u0131ma zaman\u0131 rabit\u0259 nec\u0259 t\u0259min edilir?<\/h4><i class=\"vc_toggle_icon\"><\/i><\/div><div class=\"vc_toggle_content\"><p>Da\u015f\u0131ma prosesi boyunca m\u00fc\u015ft\u0259ri xidm\u0259tl\u0259ri komandam\u0131zla daimi \u0259laq\u0259 saxlaya bil\u0259rsiniz. \u018f\u015fyalar\u0131n\u0131z\u0131n v\u0259ziyy\u0259ti v\u0259 da\u015f\u0131nma prosesi haqq\u0131nda m\u00fct\u0259madi olaraq m\u0259lumatland\u0131r\u0131l\u0131rs\u0131n\u0131z v\u0259 h\u0259r hans\u0131 sual\u0131n\u0131z v\u0259 ya sor\u011funuz olarsa, siz\u0259 ani d\u0259st\u0259k g\u00f6st\u0259rilir.<\/p>\n<\/div><\/div>\t\t<\/div>\n\t<\/div>\n<\/div>\n\n\n\n\n\n<div class=\"wpb_column cmt-column vc_column_container vc_col-sm-6 cmt-zindex-0\">\n\t<div class=\"vc_column-inner  cmt-sboxresponsive-custom-22288940\">\n\t\t\t\t<div class=\"wpb_wrapper\">\n\t\t\t<div class=\"cmt-vc_icon_element cmt-vc_icon_element-outer cmt-vc_icon_element-align-center  cmt-vc_icon_element-have-style cmt-playvideo-box cmt_prettyphoto\"><div class=\"cmt-vc_icon_element-inner  cmt-vc_icon_element-have-style-inner cmt-vc_icon_element-color-white cmt-vc_icon_element-size-md cmt-vc_icon_element-style-rounded cmt-vc_icon_element-background cmt-vc_icon_element-background-color-skincolor\" ><span class=\"cmt-vc_icon_element-icon fa fa-play\" ><\/span><a class=\"cmt-vc_icon_element-link\" href=\"https:\/\/youtu.be\/kA0midqRm3c\" title=\"\" target=\"_self\"><\/a><\/div><\/div>\n\t<div  class=\"wpb_single_image wpb_content_element vc_align_left wpb_content_element vc_custom_1717671340473\">\n\t\t\n\t\t<figure class=\"wpb_wrapper vc_figure\">\n\t\t\t<div class=\"vc_single_image-wrapper   vc_box_border_grey\"><img decoding=\"async\" class=\"vc_single_image-img\" src=\"\" width=\"\" height=\"\" alt=\"Gultekin-nakliyat\" title=\"glt-anasayfa\" loading=\"lazy\" \/><\/div>\n\t\t<\/figure>\n\t<\/div>\n\t\t<\/div>\n\t<\/div>\n<\/div>\n\n\n\n\t\t\n\t<\/div>\n<\/div>","protected":false},"excerpt":{"rendered":"Genel Sorular Son Sorulan Sorular A\u015fa\u011f\u0131da s\u0131k sorulan sorular\u0131n baz\u0131lar\u0131n\u0131n yan\u0131tlar\u0131n\u0131 bulacaks\u0131n\u0131z. Bu sayfaya s\u00fcrekli olarak en s\u0131k sorulan sorular\u0131 ekliyoruz. 1. G\u00fcltekin Uluslararas\u0131 Lojistik hangi hizmetleri sunuyor ?G\u00fcltekin Uluslararas\u0131 Lojistik olarak evden eve ta\u015f\u0131mac\u0131l\u0131k, ofis ta\u015f\u0131mac\u0131l\u0131\u011f\u0131, uluslararas\u0131 ta\u015f\u0131mac\u0131l\u0131k, g\u00fcmr\u00fckleme, depolama ve proje ta\u015f\u0131mac\u0131l\u0131\u011f\u0131 gibi geni\u015f bir hizmet yelpazesi sunuyoruz. Ta\u015f\u0131mac\u0131l\u0131k ihtiya\u00e7lar\u0131n\u0131za uygun \u00e7\u00f6z\u00fcmler sunarak, &hellip; <a href=\"https:\/\/gultekinnakliyat.com\/az\/s-s-s\/\" class=\"more-link\">Continue reading <span class=\"screen-reader-text\">Tez-tez Soru\u015fulan Suallar<\/span><\/a>","protected":false},"author":1,"featured_media":0,"parent":0,"menu_order":0,"comment_status":"closed","ping_status":"closed","template":"","meta":{"footnotes":""},"class_list":["post-849","page","type-page","status-publish","hentry"],"_links":{"self":[{"href":"https:\/\/gultekinnakliyat.com\/az\/wp-json\/wp\/v2\/pages\/849","targetHints":{"allow":["GET"]}}],"collection":[{"href":"https:\/\/gultekinnakliyat.com\/az\/wp-json\/wp\/v2\/pages"}],"about":[{"href":"https:\/\/gultekinnakliyat.com\/az\/wp-json\/wp\/v2\/types\/page"}],"author":[{"embeddable":true,"href":"https:\/\/gultekinnakliyat.com\/az\/wp-json\/wp\/v2\/users\/1"}],"replies":[{"embeddable":true,"href":"https:\/\/gultekinnakliyat.com\/az\/wp-json\/wp\/v2\/comments?post=849"}],"version-history":[{"count":2,"href":"https:\/\/gultekinnakliyat.com\/az\/wp-json\/wp\/v2\/pages\/849\/revisions"}],"predecessor-version":[{"id":4273,"href":"https:\/\/gultekinnakliyat.com\/az\/wp-json\/wp\/v2\/pages\/849\/revisions\/4273"}],"wp:attachment":[{"href":"https:\/\/gultekinnakliyat.com\/az\/wp-json\/wp\/v2\/media?parent=849"}],"curies":[{"name":"wp","href":"https:\/\/api.w.org\/{rel}","templated":true}]}}