{"id":658,"date":"2020-04-25T08:47:50","date_gmt":"2020-04-25T08:47:50","guid":{"rendered":"http:\/\/localhost\/shiftler\/?page_id=658"},"modified":"2020-04-25T08:47:50","modified_gmt":"2020-04-25T08:47:50","slug":"services-2","status":"publish","type":"page","link":"https:\/\/gultekinnakliyat.com\/en\/services-2\/","title":{"rendered":"Services 2"},"content":{"rendered":"<div class=\"wpb-content-wrapper\">\n\n\n\n<div data-vc-full-width=\"true\" data-vc-full-width-init=\"false\" class=\"cmt-row wpb_row vc_row-fluid vc_custom_1599642947928 cmt-sboxresponsive-custom-75142649 cmt-zindex-0 cmt-bgimage-position-center_center\">\n\n\t\t\n\t <div class=\"vc_row container\"> \t\n\t\t\n\n<div class=\"wpb_column cmt-column vc_column_container vc_col-sm-12 cmt-zindex-0\">\n\t<div class=\"vc_column-inner\">\n\t\t\t\t<div class=\"wpb_wrapper\">\n\t\t\t<div class=\"cymolthemes-boxes cymolthemes-boxes-service cymolthemes-boxes-view-default cymolthemes-boxes-col-three cymolthemes-boxes-sortable-no cymolthemes-boxes-textalign-center cmt-sboxcta3-rev-heading\">\n\t\t<div class=\"cymolthemes-boxes-inner cymolthemes-boxes-service-inner\">\n\t\t\t\n\t\t\t<div class=\"row multi-columns-row cymolthemes-boxes-row-wrapper\">\n\t\t\t\t<div class=\"cmt-sboxbox-col-wrapper col-lg-4 col-sm-6 col-md-4 col-xs-12\"><article class=\"cymolthemes-box cymolthemes-box-service cymolthemes-servicebox-styletwo\">\n\t\t<div class=\"cymolthemes-post-item\">\n\t\t\t\t<div class=\"cymolthemes-box-bottom-content\">\t\n\t\t\t\t   <div class=\"cmt-service-iconbox\"><span class=\"cmt-service-icon\"><i class=\"cmt_shiftler flaticon-truck\"><\/i><\/span><\/div>\t\t\t\t\t<div class=\"cymolthemes-box-title\"><h4><a href=\"https:\/\/gultekinnakliyat.com\/en\/service\/karayolu-tasimaciligi\/\">Highway Transports<\/a><\/h4><\/div>\t\n\t\t\t\t\t<div class=\"cymolthemes-box-desc\">\n\t\t\t\t\t\t<div class=\"cmt-sboxshort-desc\">\n\t\t\t\t\t\t\t<p>As G\u00fcltekin Logistics, we offer fast, reliable and economical solutions to our customers with the wide and comprehensive services we offer in the field of road transportation.<\/p>\n\t\t\t\t\t\t<\/div>\n\t\t\t\t\t<\/div> \n\t\t\t\t\t<div class=\"cymolthemes-servicebox-readmore cmt-vc_btn3\">\n\t\t\t\t\t\t<a href=\"https:\/\/gultekinnakliyat.com\/en\/service\/karayolu-tasimaciligi\/\">Detailed \u0130nformation<\/a>\t\t\t\t\t<\/div>\t\n\t\t\t\t<\/div>\n\t\t<\/div>\n<\/article><\/div><div class=\"cmt-sboxbox-col-wrapper col-lg-4 col-sm-6 col-md-4 col-xs-12\"><article class=\"cymolthemes-box cymolthemes-box-service cymolthemes-servicebox-styletwo\">\n\t\t<div class=\"cymolthemes-post-item\">\n\t\t\t\t<div class=\"cymolthemes-box-bottom-content\">\t\n\t\t\t\t   <div class=\"cmt-service-iconbox\"><span class=\"cmt-service-icon\"><i class=\"cmt_shiftler flaticon-vessel\"><\/i><\/span><\/div>\t\t\t\t\t<div class=\"cymolthemes-box-title\"><h4><a href=\"https:\/\/gultekinnakliyat.com\/en\/service\/denizyolu-tasimaciligi\/\">Maritime Transport<\/a><\/h4><\/div>\t\n\t\t\t\t\t<div class=\"cymolthemes-box-desc\">\n\t\t\t\t\t\t<div class=\"cmt-sboxshort-desc\">\n\t\t\t\t\t\t\t<p>As G\u00fcltekin Logistics, we manage your global supply chains reliably and effectively with the comprehensive and innovative services we offer in the field of maritime transportation. <\/p>\n\t\t\t\t\t\t<\/div>\n\t\t\t\t\t<\/div> \n\t\t\t\t\t<div class=\"cymolthemes-servicebox-readmore cmt-vc_btn3\">\n\t\t\t\t\t\t<a href=\"https:\/\/gultekinnakliyat.com\/en\/service\/denizyolu-tasimaciligi\/\">Detailed \u0130nformation<\/a>\t\t\t\t\t<\/div>\t\n\t\t\t\t<\/div>\n\t\t<\/div>\n<\/article><\/div><div class=\"cmt-sboxbox-col-wrapper col-lg-4 col-sm-6 col-md-4 col-xs-12\"><article class=\"cymolthemes-box cymolthemes-box-service cymolthemes-servicebox-styletwo\">\n\t\t<div class=\"cymolthemes-post-item\">\n\t\t\t\t<div class=\"cymolthemes-box-bottom-content\">\t\n\t\t\t\t   <div class=\"cmt-service-iconbox\"><span class=\"cmt-service-icon\"><i class=\"cmt_shiftler flaticon-travel\"><\/i><\/span><\/div>\t\t\t\t\t<div class=\"cymolthemes-box-title\"><h4><a href=\"https:\/\/gultekinnakliyat.com\/en\/service\/havayolu-tasimaciligi\/\">Airways Transporting<\/a><\/h4><\/div>\t\n\t\t\t\t\t<div class=\"cymolthemes-box-desc\">\n\t\t\t\t\t\t<div class=\"cmt-sboxshort-desc\">\n\t\t\t\t\t\t\t<p>As G\u00fcltekin Logistics, we provide worldwide logistics advantages to our customers with the fast, reliable and flexible solutions we offer in the field of air transportation.<\/p>\n\t\t\t\t\t\t<\/div>\n\t\t\t\t\t<\/div> \n\t\t\t\t\t<div class=\"cymolthemes-servicebox-readmore cmt-vc_btn3\">\n\t\t\t\t\t\t<a href=\"https:\/\/gultekinnakliyat.com\/en\/service\/havayolu-tasimaciligi\/\">Detailed \u0130nformation<\/a>\t\t\t\t\t<\/div>\t\n\t\t\t\t<\/div>\n\t\t<\/div>\n<\/article><\/div><div class=\"cmt-sboxbox-col-wrapper col-lg-4 col-sm-6 col-md-4 col-xs-12\"><article class=\"cymolthemes-box cymolthemes-box-service cymolthemes-servicebox-styletwo\">\n\t\t<div class=\"cymolthemes-post-item\">\n\t\t\t\t<div class=\"cymolthemes-box-bottom-content\">\t\n\t\t\t\t   <div class=\"cmt-service-iconbox\"><span class=\"cmt-service-icon\"><i class=\"cmt_shiftler flaticon-location\"><\/i><\/span><\/div>\t\t\t\t\t<div class=\"cymolthemes-box-title\"><h4><a href=\"https:\/\/gultekinnakliyat.com\/en\/service\/depolama-hizmetleri\/\">Storage Services<\/a><\/h4><\/div>\t\n\t\t\t\t\t<div class=\"cymolthemes-box-desc\">\n\t\t\t\t\t\t<div class=\"cmt-sboxshort-desc\">\n\t\t\t\t\t\t\t<p>With our modern infrastructure, advanced technology and experienced staff, we ensure that your products are stored safely and accessed quickly when you need them. <\/p>\n\t\t\t\t\t\t<\/div>\n\t\t\t\t\t<\/div> \n\t\t\t\t\t<div class=\"cymolthemes-servicebox-readmore cmt-vc_btn3\">\n\t\t\t\t\t\t<a href=\"https:\/\/gultekinnakliyat.com\/en\/service\/depolama-hizmetleri\/\">Detailed \u0130nformation<\/a>\t\t\t\t\t<\/div>\t\n\t\t\t\t<\/div>\n\t\t<\/div>\n<\/article><\/div><div class=\"cmt-sboxbox-col-wrapper col-lg-4 col-sm-6 col-md-4 col-xs-12\"><article class=\"cymolthemes-box cymolthemes-box-service cymolthemes-servicebox-styletwo\">\n\t\t<div class=\"cymolthemes-post-item\">\n\t\t\t\t<div class=\"cymolthemes-box-bottom-content\">\t\n\t\t\t\t   <div class=\"cmt-service-iconbox\"><span class=\"cmt-service-icon\"><i class=\"cmt_shiftler flaticon-delivery-truck-2\"><\/i><\/span><\/div>\t\t\t\t\t<div class=\"cymolthemes-box-title\"><h4><a href=\"https:\/\/gultekinnakliyat.com\/en\/service\/gumrukleme-islemleri\/\">Customs Clearance<\/a><\/h4><\/div>\t\n\t\t\t\t\t<div class=\"cymolthemes-box-desc\">\n\t\t\t\t\t\t<div class=\"cmt-sboxshort-desc\">\n\t\t\t\t\t\t\t<p>We offer fast, reliable and professional solutions to our customers in customs clearance procedures, which is one of the most complex and time-consuming processes in international trade.<\/p>\n\t\t\t\t\t\t<\/div>\n\t\t\t\t\t<\/div> \n\t\t\t\t\t<div class=\"cymolthemes-servicebox-readmore cmt-vc_btn3\">\n\t\t\t\t\t\t<a href=\"https:\/\/gultekinnakliyat.com\/en\/service\/gumrukleme-islemleri\/\">Detailed \u0130nformation<\/a>\t\t\t\t\t<\/div>\t\n\t\t\t\t<\/div>\n\t\t<\/div>\n<\/article><\/div><div class=\"cmt-sboxbox-col-wrapper col-lg-4 col-sm-6 col-md-4 col-xs-12\"><article class=\"cymolthemes-box cymolthemes-box-service cymolthemes-servicebox-styletwo\">\n\t\t<div class=\"cymolthemes-post-item\">\n\t\t\t\t<div class=\"cymolthemes-box-bottom-content\">\t\n\t\t\t\t   <div class=\"cmt-service-iconbox\"><span class=\"cmt-service-icon\"><i class=\"cmt_shiftler flaticon-air-freight\"><\/i><\/span><\/div>\t\t\t\t\t<div class=\"cymolthemes-box-title\"><h4><a href=\"https:\/\/gultekinnakliyat.com\/en\/service\/sigorta-hizmetleri\/\">Insurance Services<\/a><\/h4><\/div>\t\n\t\t\t\t\t<div class=\"cymolthemes-box-desc\">\n\t\t\t\t\t\t<div class=\"cmt-sboxshort-desc\">\n\t\t\t\t\t\t\t<p>At our Auto Service garage, we are fully appreciate how difficult occur it is for people to find.<\/p>\n\t\t\t\t\t\t<\/div>\n\t\t\t\t\t<\/div> \n\t\t\t\t\t<div class=\"cymolthemes-servicebox-readmore cmt-vc_btn3\">\n\t\t\t\t\t\t<a href=\"https:\/\/gultekinnakliyat.com\/en\/service\/sigorta-hizmetleri\/\">Detailed \u0130nformation<\/a>\t\t\t\t\t<\/div>\t\n\t\t\t\t<\/div>\n\t\t<\/div>\n<\/article><\/div>\n\t\t\t<\/div>\n\t\t<\/div><!-- .cymolthemes-boxes-inner -->   <\/div><!-- .cymolthemes-boxes -->  \t\t<\/div>\n\t<\/div>\n<\/div>\n\n\n\n\t\t\n\t <\/div> <\/div>\n\n\n<div class=\"vc_row-full-width vc_clearfix\"><\/div>\n\n\n\n\n\n<\/div>","protected":false},"excerpt":{"rendered":"Sigorta Hizmetleri G\u00fcltekin Lojistik olarak, lojistik s\u00fcre\u00e7lerinizin her a\u015famas\u0131nda g\u00fcvenli\u011finizi en \u00fcst d\u00fczeyde tutmak i\u00e7in kapsaml\u0131 sigorta hizmetleri sunuyoruz. Ta\u015f\u0131ma ve depolama s\u0131ras\u0131nda meydana gelebilecek her t\u00fcrl\u00fc risk ve kay\u0131plara kar\u015f\u0131, sigorta \u00e7\u00f6z\u00fcmlerimizle m\u00fc\u015fterilerimize g\u00fcvenli ve huzurlu bir lojistik deneyimi sa\u011fl\u0131yoruz. Deneyimli ekibimiz ve geni\u015f sigorta a\u011f\u0131m\u0131zla, i\u015finizin devaml\u0131l\u0131\u011f\u0131n\u0131 koruma alt\u0131na al\u0131yoruz. Kapsaml\u0131 Sigorta \u00c7\u00f6z\u00fcmlerimiz &hellip; <a href=\"https:\/\/gultekinnakliyat.com\/en\/service\/sigorta-hizmetleri\/\" class=\"more-link\">Continue reading <span class=\"screen-reader-text\">Insurance Services<\/span><\/a>","protected":false},"author":1,"featured_media":0,"parent":0,"menu_order":0,"comment_status":"closed","ping_status":"closed","template":"","meta":{"footnotes":""},"class_list":["post-658","page","type-page","status-publish","hentry"],"_links":{"self":[{"href":"https:\/\/gultekinnakliyat.com\/en\/wp-json\/wp\/v2\/pages\/658","targetHints":{"allow":["GET"]}}],"collection":[{"href":"https:\/\/gultekinnakliyat.com\/en\/wp-json\/wp\/v2\/pages"}],"about":[{"href":"https:\/\/gultekinnakliyat.com\/en\/wp-json\/wp\/v2\/types\/page"}],"author":[{"embeddable":true,"href":"https:\/\/gultekinnakliyat.com\/en\/wp-json\/wp\/v2\/users\/1"}],"replies":[{"embeddable":true,"href":"https:\/\/gultekinnakliyat.com\/en\/wp-json\/wp\/v2\/comments?post=658"}],"version-history":[{"count":0,"href":"https:\/\/gultekinnakliyat.com\/en\/wp-json\/wp\/v2\/pages\/658\/revisions"}],"wp:attachment":[{"href":"https:\/\/gultekinnakliyat.com\/en\/wp-json\/wp\/v2\/media?parent=658"}],"curies":[{"name":"wp","href":"https:\/\/api.w.org\/{rel}","templated":true}]}}