{"id":663,"date":"2020-04-25T09:25:11","date_gmt":"2020-04-25T09:25:11","guid":{"rendered":"http:\/\/localhost\/shiftler\/?page_id=663"},"modified":"2024-06-12T23:47:12","modified_gmt":"2024-06-12T20:47:12","slug":"iletisim","status":"publish","type":"page","link":"https:\/\/gultekinnakliyat.com\/en\/iletisim\/","title":{"rendered":"Communication"},"content":{"rendered":"<div class=\"wpb-content-wrapper\"><div class=\"cmt-row wpb_row vc_row-fluid cmt-zindex-0 vc_row container cmt-bgimage-position-center_center\">\n\n\t\t\n\t\t\n\t\t\n\n<div class=\"wpb_column cmt-column vc_column_container vc_col-sm-6 cmt-zindex-0\">\n\t<div class=\"vc_column-inner\">\n\t\t\t\t<div class=\"wpb_wrapper\">\n\t\t\t\n\t<div  class=\"wpb_single_image wpb_content_element vc_align_left wpb_content_element vc_custom_1718224103397\">\n\t\t\n\t\t<figure class=\"wpb_wrapper vc_figure\">\n\t\t\t<div class=\"vc_single_image-wrapper   vc_box_border_grey\"><img loading=\"lazy\" decoding=\"async\" width=\"1187\" height=\"500\" src=\"https:\/\/gultekinnakliyat.com\/wp-content\/uploads\/2024\/06\/ist.jpg\" class=\"vc_single_image-img attachment-full\" alt=\"\" title=\"ist\" srcset=\"https:\/\/gultekinnakliyat.com\/wp-content\/uploads\/2024\/06\/ist.jpg 1187w, https:\/\/gultekinnakliyat.com\/wp-content\/uploads\/2024\/06\/ist-300x126.jpg 300w, https:\/\/gultekinnakliyat.com\/wp-content\/uploads\/2024\/06\/ist-1024x431.jpg 1024w, https:\/\/gultekinnakliyat.com\/wp-content\/uploads\/2024\/06\/ist-768x324.jpg 768w, https:\/\/gultekinnakliyat.com\/wp-content\/uploads\/2024\/06\/ist-18x8.jpg 18w\" sizes=\"auto, (max-width: 1187px) 100vw, 1187px\" data-id=\"4494\" \/><\/div>\n\t\t<\/figure>\n\t<\/div>\n<h2 style=\"text-align:left;font-size:24px;line-height:34px;\" class=\"cmt-custom-heading\" >Istanbul Office<\/h2>\n\n\t<div class=\"wpb_text_column wpb_content_element vc_custom_1717672681412\" >\n\t\t<div class=\"wpb_wrapper\">\n\t\t\t<p><span style=\"font-size: 16px;\"><strong class=\"cmt-fontweight-semi\">Address<\/strong>: Ferhatpa\u015fa Mahallesi Takva Sokak No:1 Ata\u015fehir \/ \u0130STANBUL<\/span><\/p>\n<p><span style=\"font-size: 16px;\"><strong class=\"cmt-fontweight-semi\">Telephone<\/strong>: <\/span>(+90)216 577 52 10<\/p>\n<p><strong class=\"cmt-fontweight-semi\">E-Mail<\/strong>: info@gultekinnakliyat.com<\/p>\n\n\t\t<\/div>\n\t<\/div>\n\r\n\t\t<div class=\"cmt-vc_btn3-container cmt-vc_btn3-inline\"><a class=\"cmt-vc_general cmt-vc_btn3 cmt-vc_btn3-size-md cmt-vc_btn3-shape-square cmt-vc_btn3-style-flat cmt-vc_btn3-weight-no cmt-vc_btn3-icon-left cmt-vc_btn3-color-skincolor\" href=\"https:\/\/maps.app.goo.gl\/mJnNW7UWfzUEptWn6\" title=\"\" target=\"_blank\"><i class=\"cmt-vc_btn3-icon themifyicon ti-map-alt\"><\/i> Harita \u00dczerinden Adres Al\u0131n!<\/a><\/div>\n<div class=\"cmt-row-inner vc_row wpb_row vc_inner vc_row-fluid pmargin-8-bottom vc_custom_1602572545621 cmt-zindex-0\">\n\t\n<div class=\"wpb_column cmt-column-inner vc_column_container vc_col-sm-12 cmt-zindex-0\">\n\t<div class=\"vc_column-inner\">\n\t\t \n\t\t<div class=\"wpb_wrapper\">\n\t\t\t\n\t<div  class=\"wpb_single_image wpb_content_element vc_align_left wpb_content_element vc_custom_1718224125012\">\n\t\t\n\t\t<figure class=\"wpb_wrapper vc_figure\">\n\t\t\t<div class=\"vc_single_image-wrapper   vc_box_border_grey\"><img loading=\"lazy\" decoding=\"async\" width=\"626\" height=\"340\" src=\"https:\/\/gultekinnakliyat.com\/wp-content\/uploads\/2024\/06\/baku.png\" class=\"vc_single_image-img attachment-full\" alt=\"\" title=\"baku\" srcset=\"https:\/\/gultekinnakliyat.com\/wp-content\/uploads\/2024\/06\/baku.png 626w, https:\/\/gultekinnakliyat.com\/wp-content\/uploads\/2024\/06\/baku-300x163.png 300w, https:\/\/gultekinnakliyat.com\/wp-content\/uploads\/2024\/06\/baku-18x10.png 18w\" sizes=\"auto, (max-width: 626px) 100vw, 626px\" data-id=\"4495\" \/><\/div>\n\t\t<\/figure>\n\t<\/div>\n<h2 style=\"text-align:left;font-size:24px;line-height:34px;\" class=\"cmt-custom-heading\" >Baku Office<\/h2>\n\n\t<div class=\"wpb_text_column wpb_content_element vc_custom_1717434442560\" >\n\t\t<div class=\"wpb_wrapper\">\n\t\t\t<p><span style=\"font-size: 16px;\"><strong class=\"cmt-fontweight-semi\">Address<\/strong>:<\/span>Bebek Plaza C Blok Kat:11 Bak\u00fc\/AZERBAYCAN<\/p>\n<p><span style=\"font-size: 16px;\"><strong class=\"cmt-fontweight-semi\">Telephone<\/strong>: <\/span>(+90)216 577 52 10<\/p>\n<p><strong class=\"cmt-fontweight-semi\">E-Mail<\/strong>: info@gultekinnakliyat.com<\/p>\n\n\t\t<\/div>\n\t<\/div>\n\r\n\t\t<div class=\"cmt-vc_btn3-container cmt-vc_btn3-inline\"><a class=\"cmt-vc_general cmt-vc_btn3 cmt-vc_btn3-size-md cmt-vc_btn3-shape-square cmt-vc_btn3-style-flat cmt-vc_btn3-weight-no cmt-vc_btn3-icon-left cmt-vc_btn3-color-skincolor\" href=\"https:\/\/maps.app.goo.gl\/dihVywJcHLCPYRZ47\" title=\"\" target=\"_blank\"><i class=\"cmt-vc_btn3-icon themifyicon ti-map-alt\"><\/i> Harita \u00dczerinden Adres Al\u0131n!<\/a><\/div>\t\t<\/div>\n\t<\/div>\n<\/div>\n\n<\/div>\n\n\n<div class=\"cmt-row-inner vc_row wpb_row vc_inner vc_row-fluid pmargin-8-bottom vc_custom_1602572557493 cmt-zindex-0\">\n\t\n<div class=\"wpb_column cmt-column-inner vc_column_container vc_col-sm-12 cmt-zindex-0\">\n\t<div class=\"vc_column-inner\">\n\t\t \n\t\t<div class=\"wpb_wrapper\">\n\t\t\t\n\t<div  class=\"wpb_single_image wpb_content_element vc_align_left wpb_content_element vc_custom_1718224138149\">\n\t\t\n\t\t<figure class=\"wpb_wrapper vc_figure\">\n\t\t\t<div class=\"vc_single_image-wrapper   vc_box_border_grey\"><img loading=\"lazy\" decoding=\"async\" width=\"1187\" height=\"500\" src=\"https:\/\/gultekinnakliyat.com\/wp-content\/uploads\/2024\/06\/ist.jpg\" class=\"vc_single_image-img attachment-full\" alt=\"\" title=\"ist\" srcset=\"https:\/\/gultekinnakliyat.com\/wp-content\/uploads\/2024\/06\/ist.jpg 1187w, https:\/\/gultekinnakliyat.com\/wp-content\/uploads\/2024\/06\/ist-300x126.jpg 300w, https:\/\/gultekinnakliyat.com\/wp-content\/uploads\/2024\/06\/ist-1024x431.jpg 1024w, https:\/\/gultekinnakliyat.com\/wp-content\/uploads\/2024\/06\/ist-768x324.jpg 768w\" sizes=\"auto, (max-width: 1187px) 100vw, 1187px\" data-id=\"4204\" \/><\/div>\n\t\t<\/figure>\n\t<\/div>\n<h2 style=\"text-align:left;font-size:24px;line-height:34px;\" class=\"cmt-custom-heading\" >Istanbul Warehouse<\/h2>\n\n\t<div class=\"wpb_text_column wpb_content_element vc_custom_1717434840534\" >\n\t\t<div class=\"wpb_wrapper\">\n\t\t\t<p><strong class=\"cmt-fontweight-semi\">Address<\/strong>:Ferhatpa\u015fa Mah. Takva Sokak No:1 Ata\u015fehir\/\u0130STANBUL<\/p>\n<p><span style=\"font-size: 16px;\"><strong class=\"cmt-fontweight-semi\">Telephone<\/strong>:<\/span>(+90)543 58 04<\/p>\n<p><strong class=\"cmt-fontweight-semi\">E-Mail<\/strong>: info@gultekinnakliyat.com<\/p>\n\n\t\t<\/div>\n\t<\/div>\n\r\n\t\t<div class=\"cmt-vc_btn3-container cmt-vc_btn3-inline\"><a class=\"cmt-vc_general cmt-vc_btn3 cmt-vc_btn3-size-md cmt-vc_btn3-shape-square cmt-vc_btn3-style-flat cmt-vc_btn3-weight-no cmt-vc_btn3-icon-left cmt-vc_btn3-color-skincolor\" href=\"https:\/\/maps.app.goo.gl\/mJnNW7UWfzUEptWn6\" title=\"\" target=\"_blank\"><i class=\"cmt-vc_btn3-icon themifyicon ti-map-alt\"><\/i> Harita \u00dczerinden Adres Al\u0131n!<\/a><\/div>\t\t<\/div>\n\t<\/div>\n<\/div>\n\n<\/div>\n\n\t\t<\/div>\n\t<\/div>\n<\/div>\n\n\n\n\n\n<div class=\"cmt-stickycontact wpb_column cmt-column vc_column_container vc_col-sm-6 cmt-sboxcolum-shadow-box cmt-zindex-0\">\n\t<div class=\"vc_column-inner  cmt-col-bgcolor-white cmt-col-bgcolor-yes cmt-sboxresponsive-custom-44774539\">\n\t\t<div class=\"cmt-col-wrapper-bg-layer cmt-bg-layer cmt-bgimage-position-center_center\"><div class=\"cmt-bg-layer-inner\"><\/div><\/div>\t\t<div class=\"wpb_wrapper\">\n\t\t\t\n<div class=\"cmt-row-inner vc_row wpb_row vc_inner vc_row-fluid vc_custom_1602665213478 cmt-sboxresponsive-custom-48357071 cmt-zindex-0\">\n\t\n<div class=\"tm-sticky-form wpb_column cmt-column-inner vc_column_container vc_col-sm-12 cmt-zindex-0\">\n\t<div class=\"vc_column-inner\">\n\t\t \n\t\t<div class=\"wpb_wrapper\">\n\t\t\t<h2 style=\"text-align:center;font-size:28px;line-height:38px;\" class=\"cmt-custom-heading vc_custom_1717435518586\" >Send  Email<\/h2>\n\n<div class=\"wpcf7 no-js\" id=\"wpcf7-f704-o1\" lang=\"en-US\" dir=\"ltr\">\n<div class=\"screen-reader-response\"><p role=\"status\" aria-live=\"polite\" aria-atomic=\"true\"><\/p> <ul><\/ul><\/div>\n<form action=\"\/en\/wp-json\/wp\/v2\/pages\/663#wpcf7-f704-o1\" method=\"post\" class=\"wpcf7-form init\" aria-label=\"Contact form\" novalidate=\"novalidate\" data-status=\"init\" data-trp-original-action=\"\/en\/wp-json\/wp\/v2\/pages\/663#wpcf7-f704-o1\">\n<div style=\"display: none;\">\n<input type=\"hidden\" name=\"_wpcf7\" value=\"704\" \/>\n<input type=\"hidden\" name=\"_wpcf7_version\" value=\"5.9.5\" \/>\n<input type=\"hidden\" name=\"_wpcf7_locale\" value=\"en_US\" \/>\n<input type=\"hidden\" name=\"_wpcf7_unit_tag\" value=\"wpcf7-f704-o1\" \/>\n<input type=\"hidden\" name=\"_wpcf7_container_post\" value=\"0\" \/>\n<input type=\"hidden\" name=\"_wpcf7_posted_data_hash\" value=\"\" \/>\n<\/div>\n<div class=\"cmt-commonform cmt-form-style3\">\n\t<div class=\"row\">\n\t\t<div class=\"col-md-12\">\n\t\t\t<p><i class=\"themifyicon ti-user\"><\/i><span class=\"wpcf7-form-control-wrap\" data-name=\"your-name\"><input size=\"40\" class=\"wpcf7-form-control wpcf7-text wpcf7-validates-as-required\" aria-required=\"true\" aria-invalid=\"false\" placeholder=\"Name\" value=\"\" type=\"text\" name=\"your-name\" \/><\/span>\n\t\t\t<\/p>\n\t\t<\/div>\n\t\t<div class=\"col-md-12\">\n\t\t\t<p><i class=\"themifyicon ti-user\"><\/i><span class=\"wpcf7-form-control-wrap\" data-name=\"your-name\"><input size=\"40\" class=\"wpcf7-form-control wpcf7-text wpcf7-validates-as-required\" aria-required=\"true\" aria-invalid=\"false\" placeholder=\"Surname\" value=\"\" type=\"text\" name=\"your-name\" \/><\/span>\n\t\t\t<\/p>\n\t\t<\/div>\n\t\t<div class=\"col-md-12\">\n\t\t\t<p><i class=\"fa fa-paper-plane-o\"><\/i><span class=\"wpcf7-form-control-wrap\" data-name=\"your-email\"><input size=\"40\" class=\"wpcf7-form-control wpcf7-email wpcf7-validates-as-required wpcf7-text wpcf7-validates-as-email\" aria-required=\"true\" aria-invalid=\"false\" placeholder=\"E-Mail Address\" value=\"\" type=\"email\" name=\"your-email\" \/><\/span>\n\t\t\t<\/p>\n\t\t<\/div>\n\t\t<div class=\"col-md-12\">\n\t\t\t<p><i class=\"themifyicon ti-mobile\"><\/i><span class=\"wpcf7-form-control-wrap\" data-name=\"your-phone\"><input size=\"40\" class=\"wpcf7-form-control wpcf7-text wpcf7-validates-as-required\" aria-required=\"true\" aria-invalid=\"false\" placeholder=\"Phone Number\" value=\"\" type=\"text\" name=\"your-phone\" \/><\/span>\n\t\t\t<\/p>\n\t\t<\/div>\n\t\t<div class=\"col-md-12\">\n\t\t\t<p><i class=\"fa fa-files-o\"><\/i><span class=\"wpcf7-form-control-wrap\" data-name=\"your-phone\"><input size=\"40\" class=\"wpcf7-form-control wpcf7-text wpcf7-validates-as-required\" aria-required=\"true\" aria-invalid=\"false\" placeholder=\"Subject\" value=\"\" type=\"text\" name=\"your-phone\" \/><\/span>\n\t\t\t<\/p>\n\t\t<\/div>\n\t<\/div>\n\t<div class=\"row\">\n\t\t<div class=\"col-md-12\">\n\t\t\t<p><i class=\"fa fa-pencil-square-o\"><\/i><span class=\"wpcf7-form-control-wrap\" data-name=\"your-message\"><textarea cols=\"40\" rows=\"3\" class=\"wpcf7-form-control wpcf7-textarea wpcf7-validates-as-required\" aria-required=\"true\" aria-invalid=\"false\" placeholder=\"Your Message\" name=\"your-message\"><\/textarea><\/span>\n\t\t\t<\/p>\n\t\t<\/div>\n\t<\/div>\n\t<div class=\"row\">\n\t\t<div class=\"checkbox-row1\">\n\t\t\t<p><span class=\"wpcf7-form-control-wrap\" data-name=\"default:\"><span class=\"wpcf7-form-control wpcf7-checkbox wpcf7-validates-as-required\"><span class=\"wpcf7-list-item first last\"><input type=\"checkbox\" name=\"default:[]\" value=\"Gizlilik ve \u015fartlar\u0131 kabul ediyorum.\" \/><span class=\"wpcf7-list-item-label\">I accept the privacy and terms.<\/span><\/span><\/span><\/span>\n\t\t\t<\/p>\n\t\t<\/div>\n\t<\/div>\n<\/div><div class=\"wpcf7-response-output\" aria-hidden=\"true\"><\/div>\n<input type=\"hidden\" name=\"trp-form-language\" value=\"en\"\/><\/form>\n<\/div>\n\r\n\t\t<div class=\"cmt-vc_btn3-container cmt-vc_btn3-center vc_custom_1717435527702\"><a class=\"cmt-vc_general cmt-vc_btn3 cmt-vc_btn3-size-md cmt-vc_btn3-shape-square cmt-vc_btn3-style-classic cmt-vc_btn3-weight-no cmt-vc_btn3-color-skincolor\" href=\"#\" title=\"\">Send  Email<\/a><\/div>\t\t<\/div>\n\t<\/div>\n<\/div>\n\n<\/div>\n\n\t\t<\/div>\n\t<\/div>\n<\/div>\n\n\n\n\t\t\n\t<\/div>\n\n\n\n\n\n\n\n\n\n\n\n<div data-vc-full-width=\"true\" data-vc-full-width-init=\"false\" class=\"cmt-row wpb_row vc_row-fluid vc_custom_1609826332462 cmt-sboxresponsive-custom-68122429 vc_row-has-fill cmt-zindex-0 cmt-bgcolor-darkgrey cmt-bgimage-position-center_center cmt-bg cmt-bgimage-yes\">\n\n\t\t\t<div class=\"cmt-row-wrapper-bg-layer cmt-bg-layer\"><\/div><!-- CymolThemes custom DIV added -->\n\t\t\n\t <div class=\"vc_row container\"> \t\n\t\t\n\n<div class=\"wpb_column cmt-column vc_column_container vc_col-sm-12 cmt-zindex-0\">\n\t<div class=\"vc_column-inner vc_custom_1602500543377 cmt-textcolor-white\">\n\t\t\t\t<div class=\"wpb_wrapper\">\n\t\t\t<h2 style=\"text-align:center;font-size:26px;\" class=\"cmt-custom-heading cmt-fontweight-300\" >Modern Logistics Company<\/h2>\n<h2 style=\"text-align:center;font-size:47px;\" class=\"cmt-custom-heading cmt-reset-h2-font-responsive\" >Deliver Faster with Quick Solution<\/h2>\n\n<div class=\"cmt-row-inner vc_row wpb_row vc_inner vc_row-fluid cmt-iconbox-inline767 vc_custom_1608961280952 break-991-colum cmt-zindex-0\">\n\t\n<div class=\"wpb_column cmt-column-inner vc_column_container vc_col-sm-3 cmt-zindex-0\">\n\t<div class=\"vc_column-inner\">\n\t\t \n\t\t<div class=\"wpb_wrapper\">\n\t\t\t\t\t<\/div>\n\t<\/div>\n<\/div>\n\n\n<div class=\"wpb_column cmt-column-inner vc_column_container vc_col-sm-3 vc_col-has-fill cmt-zindex-0\">\n\t<div class=\"vc_column-inner vc_custom_1608961523113 cmt-sboxresponsive-custom-84317919\">\n\t\t \n\t\t<div class=\"wpb_wrapper\">\n\t\t\t<div class=\"cmt-sbox cmt-sbox-iconalign-left-spacing cmt-sbox-bgcolor-transparent cmt-bgcolor-transparent cmt-sbox-textcolor- cmt-textcolor- cmt-sbox-isize-md cmt-sbox-isize-md cmt-sbox-istyle-none vc_custom_1717708743335 cmt-sbox-heading-only\"><section class=\"cmt-sboxvc_cta3-container\"><div class=\"cmt-vc_general cmt-sboxvc_cta3 cmt-sboxvc_cta3-align-left cmt-sboxvc_cta3-icon-size-md cmt-sboxvc_cta3-icons-left cmt-sboxvc_cta3-actions-no\"><div class=\"cmt-sboxvc_cta3-icons cmt-section-wrapper-cell\"><div class=\"cmt-vc_icon_element cmt-vc_icon_element-outer cmt-vc_icon_element-align-left\"><div class=\"cmt-vc_icon_element-inner  cmt-vc_icon_element-color-skincolor cmt-vc_icon_element-size-md cmt-vc_icon_element-style-none cmt-vc_icon_element-background-color-grey\" ><span class=\"cmt-vc_icon_element-icon fa fa-whatsapp\" ><\/span><\/div><\/div><\/div><div class=\"cmt-vc_cta3_content-container\"><div class=\"cmt-vc_cta3-content\"><div class=\"cmt-vc_cta3-content-header cmt-section-wrapper\"><div class=\"cmt-sboxvc_cta3-headers cmt-section-wrapper-cell\"><h2 class=\"cmt-custom-heading\" >Write Via Whatsapp<\/h2>\n<\/div><\/div><\/div><div class=\"cmt-sboxcta3-desc-btn-wrapper\"><div class=\"cmt-sboxcta3-description\"><div class=\"cmt-sboxcta3-content-wrapper\">\n<p style=\"line-height: 18px;\">0546 822 56 04<\/p>\n<p><\/div><\/div><\/div><\/div><\/div><\/section><\/div>\t\t<\/div>\n\t<\/div>\n<\/div>\n\n\n<div class=\"wpb_column cmt-column-inner vc_column_container vc_col-sm-4 cmt-zindex-0\">\n\t<div class=\"vc_column-inner vc_custom_1608961458521 cmt-sboxresponsive-custom-67798885\">\n\t\t \n\t\t<div class=\"wpb_wrapper\">\n\t\t\t<div class=\"cmt-sbox cmt-sbox-iconalign-left-spacing cmt-sbox-bgcolor-transparent cmt-bgcolor-transparent cmt-sbox-textcolor- cmt-textcolor- cmt-sbox-isize-md cmt-sbox-isize-md cmt-sbox-istyle-none vc_custom_1717708780720 cmt-sbox-heading-only\"><section class=\"cmt-sboxvc_cta3-container\"><div class=\"cmt-vc_general cmt-sboxvc_cta3 cmt-sboxvc_cta3-align-left cmt-sboxvc_cta3-icon-size-md cmt-sboxvc_cta3-icons-left cmt-sboxvc_cta3-actions-no\"><div class=\"cmt-sboxvc_cta3-icons cmt-section-wrapper-cell\"><div class=\"cmt-vc_icon_element cmt-vc_icon_element-outer cmt-vc_icon_element-align-left\"><div class=\"cmt-vc_icon_element-inner  cmt-vc_icon_element-color-skincolor cmt-vc_icon_element-size-md cmt-vc_icon_element-style-none cmt-vc_icon_element-background-color-grey\" ><span class=\"cmt-vc_icon_element-icon themifyicon ti-instagram\" ><\/span><\/div><\/div><\/div><div class=\"cmt-vc_cta3_content-container\"><div class=\"cmt-vc_cta3-content\"><div class=\"cmt-vc_cta3-content-header cmt-section-wrapper\"><div class=\"cmt-sboxvc_cta3-headers cmt-section-wrapper-cell\"><h2 class=\"cmt-custom-heading\" >Instagram Contact<\/h2>\n<\/div><\/div><\/div><div class=\"cmt-sboxcta3-desc-btn-wrapper\"><div class=\"cmt-sboxcta3-description\"><div class=\"cmt-sboxcta3-content-wrapper\">\n<div class=\"wpb_column cmt-column-inner vc_column_container vc_col-sm-4 cmt-zindex-0\">\n<div class=\"vc_column-inner vc_custom_1608961458521 cmt-sboxresponsive-custom-67798885\">\n<div class=\"wpb_wrapper\">\n<div class=\"cmt-sbox cmt-sbox-iconalign-left-spacing cmt-sbox-bgcolor-transparent cmt-bgcolor-transparent cmt-sbox-textcolor- cmt-textcolor- cmt-sbox-isize-md cmt-sbox-isize-md cmt-sbox-istyle-none vc_custom_1717701440654 cmt-sbox-heading-only\">\n<section class=\"cmt-sboxvc_cta3-container\">\n<div class=\"cmt-vc_general cmt-sboxvc_cta3 cmt-sboxvc_cta3-align-left cmt-sboxvc_cta3-icon-size-md cmt-sboxvc_cta3-icons-left cmt-sboxvc_cta3-actions-no\">\n<div class=\"cmt-vc_cta3_content-container\">\n<div class=\"cmt-sboxcta3-desc-btn-wrapper\">\n<div class=\"cmt-sboxcta3-description\">\n<div class=\"cmt-sboxcta3-content-wrapper\">\n<p>@<span class=\"x1lliihq x193iq5w x6ikm8r x10wlt62 xlyipyv xuxw1ft\">gultekinlogistics<\/span><\/p>\n<\/div>\n<\/div>\n<\/div>\n<\/div>\n<\/div>\n<\/section>\n<\/div>\n<\/div>\n<\/div>\n<\/div>\n<p><\/div><\/div><\/div><\/div><\/div><\/section><\/div>\t\t<\/div>\n\t<\/div>\n<\/div>\n\n\n<div class=\"wpb_column cmt-column-inner vc_column_container vc_col-sm-2 cmt-zindex-0\">\n\t<div class=\"vc_column-inner\">\n\t\t \n\t\t<div class=\"wpb_wrapper\">\n\t\t\t\t\t<\/div>\n\t<\/div>\n<\/div>\n\n<\/div>\n\n\t\t<\/div>\n\t<\/div>\n<\/div>\n\n\n\n\t\t\n\t <\/div> <\/div>\n\n\n<div class=\"vc_row-full-width vc_clearfix\"><\/div>\n\n\n\n\n\n\n\n\n<div data-vc-full-width=\"true\" data-vc-full-width-init=\"false\" class=\"cmt-row wpb_row vc_row-fluid vc_custom_1602594235668 cmt-sboxresponsive-custom-14521326 cmt-zindex-0 cmt-bgcolor-grey cmt-bgimage-position-center_center\">\n\n\t\t\n\t <div class=\"vc_row container\"> \t\n\t\t\n\n<div class=\"wpb_column cmt-column vc_column_container vc_col-sm-4 cmt-zindex-0\">\n\t<div class=\"vc_column-inner vc_custom_1602501098123\">\n\t\t\t\t<div class=\"wpb_wrapper\">\n\t\t\t<h2 style=\"text-align:left;font-size:22px;line-height:32px;\" class=\"cmt-custom-heading\" >Career<\/h2>\n\n\t<div class=\"wpb_text_column wpb_content_element vc_custom_1717435168431\" >\n\t\t<div class=\"wpb_wrapper\">\n\t\t\t<p>As G\u00fcltekin Logistics, we believe that our greatest strength is our talented and highly motivated employees in order to maintain our leading position in the sector. If you want to be a part of a dynamic, innovative and professional team, you are in the right place!<\/p>\n<h4><\/h4>\n\n\t\t<\/div>\n\t<\/div>\n\r\n\t\t<div class=\"cmt-vc_btn3-container cmt-vc_btn3-inline\"><a class=\"cmt-vc_general cmt-vc_btn3 cmt-vc_btn3-size-md cmt-vc_btn3-shape-square cmt-vc_btn3-style-text cmt-vc_btn3-weight-no cmt-vc_btn3-icon-right cmt-vc_btn3-color-black\" href=\"#\" title=\"\">See Open Positions <i class=\"cmt-vc_btn3-icon fa fa-arrow-right\"><\/i><\/a><\/div>\t\t<\/div>\n\t<\/div>\n<\/div>\n\n\n\n\n\n<div class=\"wpb_column cmt-column vc_column_container vc_col-sm-4 cmt-zindex-0\">\n\t<div class=\"vc_column-inner vc_custom_1602501105261\">\n\t\t\t\t<div class=\"wpb_wrapper\">\n\t\t\t<h2 style=\"text-align:left;font-size:22px;line-height:32px;\" class=\"cmt-custom-heading\" >Customer Comments<\/h2>\n\n\t<div class=\"wpb_text_column wpb_content_element vc_custom_1717435308643\" >\n\t\t<div class=\"wpb_wrapper\">\n\t\t\t<p>G\u00fcltekin Lojistik olarak, m\u00fc\u015fteri memnuniyetini en \u00fcst d\u00fczeyde tutmay\u0131 hedefliyoruz. Hizmet kalitemiz ve profesyonel yakla\u015f\u0131m\u0131m\u0131zla m\u00fc\u015fterilerimizin lojistik ihtiya\u00e7lar\u0131na en iyi \u00e7\u00f6z\u00fcmleri sunmaktan gurur duyuyoruz.M\u00fc\u015fteri yorumlar\u0131m\u0131z i\u00e7in sayfaya gidin<\/p>\n\n\t\t<\/div>\n\t<\/div>\n\r\n\t\t<div class=\"cmt-vc_btn3-container cmt-vc_btn3-inline\"><a class=\"cmt-vc_general cmt-vc_btn3 cmt-vc_btn3-size-md cmt-vc_btn3-shape-square cmt-vc_btn3-style-text cmt-vc_btn3-weight-no cmt-vc_btn3-icon-right cmt-vc_btn3-color-black\" href=\"#\" title=\"\">M\u00fc\u015fteri Yorumlar\u0131n\u0131 G\u00f6r\u00fcn <i class=\"cmt-vc_btn3-icon fa fa-arrow-right\"><\/i><\/a><\/div>\t\t<\/div>\n\t<\/div>\n<\/div>\n\n\n\n\n\n<div class=\"wpb_column cmt-column vc_column_container vc_col-sm-4 cmt-zindex-0\">\n\t<div class=\"vc_column-inner vc_custom_1602501111445\">\n\t\t\t\t<div class=\"wpb_wrapper\">\n\t\t\t<h2 style=\"text-align:left;font-size:22px;line-height:32px;\" class=\"cmt-custom-heading\" >Meeting<\/h2>\n\n\t<div class=\"wpb_text_column wpb_content_element vc_custom_1717435443244\" >\n\t\t<div class=\"wpb_wrapper\">\n\t\t\t<p>As G\u00fcltekin Logistics, we are here to provide the best service to our valued customers. Request an appointment now to meet the logistics solutions that suit your needs and get detailed information! Our customer representatives will contact you as soon as possible.<\/p>\n\n\t\t<\/div>\n\t<\/div>\n\r\n\t\t<div class=\"cmt-vc_btn3-container cmt-vc_btn3-inline\"><a class=\"cmt-vc_general cmt-vc_btn3 cmt-vc_btn3-size-md cmt-vc_btn3-shape-square cmt-vc_btn3-style-text cmt-vc_btn3-weight-no cmt-vc_btn3-icon-right cmt-vc_btn3-color-black\" href=\"#\" title=\"\">Request an Appointment <i class=\"cmt-vc_btn3-icon fa fa-arrow-right\"><\/i><\/a><\/div>\t\t<\/div>\n\t<\/div>\n<\/div>\n\n\n\n\t\t\n\t <\/div> <\/div>\n\n\n<div class=\"vc_row-full-width vc_clearfix\"><\/div>\n<\/div>","protected":false},"excerpt":{"rendered":"\u0130stanbul Ofis Adres: Ferhatpa\u015fa Mahallesi Takva Sokak No:1 Ata\u015fehir \/ \u0130STANBUL Telefon: (+90)216 577 52 10 E-Posta: info@gultekinnakliyat.com Harita \u00dczerinden Adres Al\u0131n! Bak\u00fc Ofis Adres:Bebek Plaza C Blok Kat:11 Bak\u00fc\/AZERBAYCAN Telefon: (+90)216 577 52 10 E-Posta: info@gultekinnakliyat.com Harita \u00dczerinden Adres Al\u0131n! \u0130stanbul Depo Adres:Ferhatpa\u015fa Mah. Takva Sokak No:1 Ata\u015fehir\/\u0130STANBUL Telefon:(+90)543 58 04 E-Posta: info@gultekinnakliyat.com Harita &hellip; <a href=\"https:\/\/gultekinnakliyat.com\/en\/iletisim\/\" class=\"more-link\">Continue reading <span class=\"screen-reader-text\">Communication<\/span><\/a>","protected":false},"author":1,"featured_media":0,"parent":0,"menu_order":0,"comment_status":"closed","ping_status":"closed","template":"","meta":{"footnotes":""},"class_list":["post-663","page","type-page","status-publish","hentry"],"_links":{"self":[{"href":"https:\/\/gultekinnakliyat.com\/en\/wp-json\/wp\/v2\/pages\/663","targetHints":{"allow":["GET"]}}],"collection":[{"href":"https:\/\/gultekinnakliyat.com\/en\/wp-json\/wp\/v2\/pages"}],"about":[{"href":"https:\/\/gultekinnakliyat.com\/en\/wp-json\/wp\/v2\/types\/page"}],"author":[{"embeddable":true,"href":"https:\/\/gultekinnakliyat.com\/en\/wp-json\/wp\/v2\/users\/1"}],"replies":[{"embeddable":true,"href":"https:\/\/gultekinnakliyat.com\/en\/wp-json\/wp\/v2\/comments?post=663"}],"version-history":[{"count":14,"href":"https:\/\/gultekinnakliyat.com\/en\/wp-json\/wp\/v2\/pages\/663\/revisions"}],"predecessor-version":[{"id":4496,"href":"https:\/\/gultekinnakliyat.com\/en\/wp-json\/wp\/v2\/pages\/663\/revisions\/4496"}],"wp:attachment":[{"href":"https:\/\/gultekinnakliyat.com\/en\/wp-json\/wp\/v2\/media?parent=663"}],"curies":[{"name":"wp","href":"https:\/\/api.w.org\/{rel}","templated":true}]}}