{"id":849,"date":"2020-04-28T07:11:57","date_gmt":"2020-04-28T07:11:57","guid":{"rendered":"https:\/\/shiftler.cymolthemes.com\/?page_id=849"},"modified":"2024-06-06T14:14:27","modified_gmt":"2024-06-06T11:14:27","slug":"s-s-s","status":"publish","type":"page","link":"https:\/\/gultekinnakliyat.com\/en\/s-s-s\/","title":{"rendered":"Frequently Asked Questions"},"content":{"rendered":"<div class=\"wpb-content-wrapper\"><div class=\"cmt-row wpb_row vc_row-fluid vc_custom_1608958922751 cmt-sboxresponsive-custom-52341248 cmt-zindex-0 vc_row container cmt-bgimage-position-center_center\">\n\n\t\t\n\t\t\n\t\t\n\n<div class=\"wpb_column cmt-column vc_column_container vc_col-sm-12 cmt-zindex-0\">\n\t<div class=\"vc_column-inner\">\n\t\t\t\t<div class=\"wpb_wrapper\">\n\t\t\t<div class=\"cmt-element-heading-wrapper cmt-sboxheading-inner cmt-sboxelement-align-left cmt-seperator-none cmt-sboxheading-style-horizontal\"><section class=\"cmt-sboxvc_cta3-container\"><div class=\"cmt-vc_general cmt-sboxvc_cta3 cmt-sboxcta3-only cmt-sboxvc_cta3-style-classic cmt-sboxvc_cta3-shape-rounded cmt-sboxvc_cta3-align-left cmt-sboxvc_cta3-color-transparent cmt-sboxvc_cta3-icon-size-md cmt-sboxvc_cta3-actions-no cmt-sboxcta3-with-desc\"><div class=\"cmt-vc_cta3_content-container\"><div class=\"cmt-vc_cta3-content\"><header class=\"cmt-vc_cta3-content-header cmt-section-wrapper\"><div class=\"cmt-sboxvc_cta3-headers cmt-section-wrapper-cell\"><h4 class=\"cmt-custom-heading\" >General Questions<\/h4>\n<h2 class=\"cmt-custom-heading\" >Son Sorulan Sorular<\/h2>\n<\/div><div class=\"heading-seperator\"><span><\/span><\/div><\/header><div class=\"cmt-sboxcta3-content-wrapper\"><p>Below you will find answers to some frequently asked questions. We constantly add the most frequently asked questions to this page.<\/p><\/div><\/div><\/div><\/div><\/section><\/div> <!-- .cmt-element-heading-wrapper container --> \t\t<\/div>\n\t<\/div>\n<\/div>\n\n\n\n\t\t\n\t<\/div>\n\n\n\n\n\n\n\n\n\n\n\n<div class=\"cmt-row wpb_row vc_row-fluid vc_custom_1608895633302 cmt-sboxresponsive-custom-78432574 break-991-colum cmt-zindex-0 vc_row container cmt-bgimage-position-center_center\">\n\n\t\t\n\t\t\n\t\t\n\n<div class=\"wpb_column cmt-column vc_column_container vc_col-sm-6 cmt-zindex-0\">\n\t<div class=\"vc_column-inner\">\n\t\t\t\t<div class=\"wpb_wrapper\">\n\t\t\t<div  class=\"vc_do_toggle vc_toggle vc_toggle_default vc_toggle_color_black  vc_toggle_size_md\"><div class=\"vc_toggle_title\"><h4>1. What services does G\u00fcltekin International Logistics offer?<\/h4><i class=\"vc_toggle_icon\"><\/i><\/div><div class=\"vc_toggle_content\"><p>As G\u00fcltekin International Logistics, we offer a wide range of services such as home-to-home transportation, office transportation, international transportation, customs clearance, storage and project transportation. By offering solutions suitable for your transportation needs, we ensure that your belongings are delivered safely and on time.<\/p>\n<\/div><\/div><div  class=\"vc_do_toggle vc_toggle vc_toggle_default vc_toggle_color_black  vc_toggle_size_md\"><div class=\"vc_toggle_title\"><h4>2. Which regions do your transportation services cover?<\/h4><i class=\"vc_toggle_icon\"><\/i><\/div><div class=\"vc_toggle_content\"><p>Our services are offered in a wide network throughout T\u00fcrkiye and internationally. Thanks to our worldwide business partners and strong logistics network, we deliver your goods safely to all over the world.<\/p>\n<\/div><\/div><div  class=\"vc_do_toggle vc_toggle vc_toggle_default vc_toggle_color_black  vc_toggle_size_md\"><div class=\"vc_toggle_title\"><h4>3. How are my belongings protected during the transportation process?<\/h4><i class=\"vc_toggle_icon\"><\/i><\/div><div class=\"vc_toggle_content\"><p>The safety of your belongings is a priority for us. We use professional packaging materials and methods to prevent your belongings from being damaged during the transportation process. We also offer comprehensive insurance options against adverse events that may occur during transportation.<\/p>\n<\/div><\/div><div  class=\"vc_do_toggle vc_toggle vc_toggle_default vc_toggle_color_black  vc_toggle_size_md\"><div class=\"vc_toggle_title\"><h4>4. How long does the transportation time take?<\/h4><i class=\"vc_toggle_icon\"><\/i><\/div><div class=\"vc_toggle_content\"><p>Transportation time varies depending on the amount of goods to be transported, the distance to be transported and the type of transportation. While local shipping is usually completed within a few days, international shipping may take several weeks depending on factors such as customs clearance and distance.<\/p>\n<\/div><\/div><div  class=\"vc_do_toggle vc_toggle vc_toggle_default vc_toggle_color_black  vc_toggle_size_md\"><div class=\"vc_toggle_title\"><h4>5. How are customs procedures carried out?<\/h4><i class=\"vc_toggle_icon\"><\/i><\/div><div class=\"vc_toggle_content\"><p>Within the scope of our international transportation services, we manage customs procedures by our professional team. We provide all the support necessary to prepare the necessary documents and complete the transactions quickly in accordance with customs legislation.<\/p>\n<\/div><\/div><div  class=\"vc_do_toggle vc_toggle vc_toggle_default vc_toggle_color_black  vc_toggle_size_md\"><div class=\"vc_toggle_title\"><h4>6. Do you have storage services?<\/h4><i class=\"vc_toggle_icon\"><\/i><\/div><div class=\"vc_toggle_content\"><p>Yes, we have safe and modern storage areas for your temporary or long-term storage needs. We use advanced security systems in our warehouses to ensure that your belongings are stored safely.<\/p>\n<\/div><\/div><div  class=\"vc_do_toggle vc_toggle vc_toggle_default vc_toggle_color_black  vc_toggle_size_md\"><div class=\"vc_toggle_title\"><h4>7. How is communication ensured during transportation?<\/h4><i class=\"vc_toggle_icon\"><\/i><\/div><div class=\"vc_toggle_content\"><p>You can be in constant communication with our customer service team throughout the transportation process. You are regularly informed about the status of your belongings and the transportation process, and you are provided with instant support if you have any questions or requests.<\/p>\n<\/div><\/div>\t\t<\/div>\n\t<\/div>\n<\/div>\n\n\n\n\n\n<div class=\"wpb_column cmt-column vc_column_container vc_col-sm-6 cmt-zindex-0\">\n\t<div class=\"vc_column-inner  cmt-sboxresponsive-custom-22288940\">\n\t\t\t\t<div class=\"wpb_wrapper\">\n\t\t\t<div class=\"cmt-vc_icon_element cmt-vc_icon_element-outer cmt-vc_icon_element-align-center  cmt-vc_icon_element-have-style cmt-playvideo-box cmt_prettyphoto\"><div class=\"cmt-vc_icon_element-inner  cmt-vc_icon_element-have-style-inner cmt-vc_icon_element-color-white cmt-vc_icon_element-size-md cmt-vc_icon_element-style-rounded cmt-vc_icon_element-background cmt-vc_icon_element-background-color-skincolor\" ><span class=\"cmt-vc_icon_element-icon fa fa-play\" ><\/span><a class=\"cmt-vc_icon_element-link\" href=\"https:\/\/youtu.be\/kA0midqRm3c\" title=\"\" target=\"_self\"><\/a><\/div><\/div>\n\t<div  class=\"wpb_single_image wpb_content_element vc_align_left wpb_content_element vc_custom_1717671340473\">\n\t\t\n\t\t<figure class=\"wpb_wrapper vc_figure\">\n\t\t\t<div class=\"vc_single_image-wrapper   vc_box_border_grey\"><img decoding=\"async\" class=\"vc_single_image-img\" src=\"\" width=\"\" height=\"\" alt=\"Gultekin-nakliyat\" title=\"glt-anasayfa\" loading=\"lazy\" \/><\/div>\n\t\t<\/figure>\n\t<\/div>\n\t\t<\/div>\n\t<\/div>\n<\/div>\n\n\n\n\t\t\n\t<\/div>\n<\/div>","protected":false},"excerpt":{"rendered":"Genel Sorular Son Sorulan Sorular A\u015fa\u011f\u0131da s\u0131k sorulan sorular\u0131n baz\u0131lar\u0131n\u0131n yan\u0131tlar\u0131n\u0131 bulacaks\u0131n\u0131z. Bu sayfaya s\u00fcrekli olarak en s\u0131k sorulan sorular\u0131 ekliyoruz. 1. G\u00fcltekin Uluslararas\u0131 Lojistik hangi hizmetleri sunuyor ?G\u00fcltekin Uluslararas\u0131 Lojistik olarak evden eve ta\u015f\u0131mac\u0131l\u0131k, ofis ta\u015f\u0131mac\u0131l\u0131\u011f\u0131, uluslararas\u0131 ta\u015f\u0131mac\u0131l\u0131k, g\u00fcmr\u00fckleme, depolama ve proje ta\u015f\u0131mac\u0131l\u0131\u011f\u0131 gibi geni\u015f bir hizmet yelpazesi sunuyoruz. Ta\u015f\u0131mac\u0131l\u0131k ihtiya\u00e7lar\u0131n\u0131za uygun \u00e7\u00f6z\u00fcmler sunarak, &hellip; <a href=\"https:\/\/gultekinnakliyat.com\/en\/s-s-s\/\" class=\"more-link\">Continue reading <span class=\"screen-reader-text\">Frequently Asked Questions<\/span><\/a>","protected":false},"author":1,"featured_media":0,"parent":0,"menu_order":0,"comment_status":"closed","ping_status":"closed","template":"","meta":{"footnotes":""},"class_list":["post-849","page","type-page","status-publish","hentry"],"_links":{"self":[{"href":"https:\/\/gultekinnakliyat.com\/en\/wp-json\/wp\/v2\/pages\/849","targetHints":{"allow":["GET"]}}],"collection":[{"href":"https:\/\/gultekinnakliyat.com\/en\/wp-json\/wp\/v2\/pages"}],"about":[{"href":"https:\/\/gultekinnakliyat.com\/en\/wp-json\/wp\/v2\/types\/page"}],"author":[{"embeddable":true,"href":"https:\/\/gultekinnakliyat.com\/en\/wp-json\/wp\/v2\/users\/1"}],"replies":[{"embeddable":true,"href":"https:\/\/gultekinnakliyat.com\/en\/wp-json\/wp\/v2\/comments?post=849"}],"version-history":[{"count":2,"href":"https:\/\/gultekinnakliyat.com\/en\/wp-json\/wp\/v2\/pages\/849\/revisions"}],"predecessor-version":[{"id":4273,"href":"https:\/\/gultekinnakliyat.com\/en\/wp-json\/wp\/v2\/pages\/849\/revisions\/4273"}],"wp:attachment":[{"href":"https:\/\/gultekinnakliyat.com\/en\/wp-json\/wp\/v2\/media?parent=849"}],"curies":[{"name":"wp","href":"https:\/\/api.w.org\/{rel}","templated":true}]}}